{"id":6089,"date":"2025-06-16T15:05:09","date_gmt":"2025-06-16T18:05:09","guid":{"rendered":"https:\/\/globalme.com.br\/?page_id=6089"},"modified":"2025-06-18T09:44:12","modified_gmt":"2025-06-18T12:44:12","slug":"missao-e-valores","status":"publish","type":"page","link":"https:\/\/globalme.com.br\/en\/missao-e-valores\/","title":{"rendered":"Mission &amp; Values"},"content":{"rendered":"<section class=\"wpb-content-wrapper\"><div class=\"vc_row wpb_row vc_row-fluid\"><div class=\"wpb_column vc_column_container vc_col-sm-12\"><div class=\"vc_column-inner\"><div class=\"wpb_wrapper\">\n\t<div class=\"wpb_text_column wpb_content_element\" >\n\t\t<div class=\"wpb_wrapper\">\n\t\t\t<p><b>MISSION<\/b><span style=\"font-weight: 400;\"><br \/>\n<\/span><span style=\"font-weight: 400;\">Our mission is to foster the development of curious, creative children who are passionate about learning, autonomous, active in their communities, and engaged in contributing to a better and more peaceful world through respect and understanding of differences.<\/span><\/p>\n<p><span style=\"font-weight: 400;\">We believe that each child holds an entire world within them\u2014rich with ideas, potential, and the power to shape their own learning journey.<\/span><\/p>\n<p><span style=\"font-weight: 400;\">We are committed to providing an atmosphere where students, parents, teachers, and staff are aligned with the same goal: to promote a school environment that enhances a holistic development, stimulating  each child's confidence, agency, creativity,  critical thinking and curiosity, so  they can become lifelong learners.<\/span><\/p>\n<p>&nbsp;<\/p>\n<p><b>VALUES<\/b><span style=\"font-weight: 400;\"><br \/>\n<\/span><span style=\"font-weight: 400;\">Global Me is a school grounded in  socio-constructivist ideas of Piaget and Vygotsky, and inspired by the Reggio Emilia approach conceptualized by Loris Malaguzzi. Here, we view children as protagonists in their own learning process, teachers as co-authors of this process, and families as participants and responsible for their children's development. Our pillars are cognitive development, physical development, and  health and well-being.<\/span><\/p>\n<p><span style=\"font-weight: 400;\">Respect for others, oneself, and the environment are values that permeate our reflections and actions.<\/span><\/p>\n\n\t\t<\/div>\n\t<\/div>\n<\/div><\/div><\/div><\/div><div class=\"vc_row wpb_row vc_row-fluid\"><div class=\"wpb_column vc_column_container vc_col-sm-12\"><div class=\"vc_column-inner\"><div class=\"wpb_wrapper\"><div class=\"vc_btn3-container vc_btn3-inline\" ><a style=\"background-color:#1c458d; color:#ffffff;\" class=\"vc_general vc_btn3 vc_btn3-size-md vc_btn3-shape-rounded vc_btn3-style-custom\" href=\"http:\/\/globalme.com.br\/en\/informacoes-gerais-e-duvidas\/\" title=\"\">Learn More<\/a><\/div><\/div><\/div><\/div><\/div><div class=\"vc_row wpb_row vc_row-fluid\"><div class=\"wpb_column vc_column_container vc_col-sm-12\"><div class=\"vc_column-inner\"><div class=\"wpb_wrapper\"><\/div><\/div><\/div><\/div>\n<\/section>","protected":false},"excerpt":{"rendered":"MISS\u00c3O Nossa miss\u00e3o \u00e9 promover o desenvolvimento de nossas crian\u00e7as como pensadores \u00edntegros, curiosos e reflexivos, apaixonados pelo aprendizado e engajados em contribuir para tornar o mundo um lugar melhor e mais pac\u00edfico por meio da compreens\u00e3o e do respeito \u00e0s diferen\u00e7as. Acreditamos que as crian\u00e7as carregam o mundo inteiro dentro de si, e somos [...]","protected":false},"author":1,"featured_media":0,"parent":0,"menu_order":0,"comment_status":"closed","ping_status":"open","template":"","meta":{"footnotes":""},"class_list":["post-6089","page","type-page","status-publish","hentry"],"_links":{"self":[{"href":"https:\/\/globalme.com.br\/en\/wp-json\/wp\/v2\/pages\/6089","targetHints":{"allow":["GET"]}}],"collection":[{"href":"https:\/\/globalme.com.br\/en\/wp-json\/wp\/v2\/pages"}],"about":[{"href":"https:\/\/globalme.com.br\/en\/wp-json\/wp\/v2\/types\/page"}],"author":[{"embeddable":true,"href":"https:\/\/globalme.com.br\/en\/wp-json\/wp\/v2\/users\/1"}],"replies":[{"embeddable":true,"href":"https:\/\/globalme.com.br\/en\/wp-json\/wp\/v2\/comments?post=6089"}],"version-history":[{"count":5,"href":"https:\/\/globalme.com.br\/en\/wp-json\/wp\/v2\/pages\/6089\/revisions"}],"predecessor-version":[{"id":6115,"href":"https:\/\/globalme.com.br\/en\/wp-json\/wp\/v2\/pages\/6089\/revisions\/6115"}],"wp:attachment":[{"href":"https:\/\/globalme.com.br\/en\/wp-json\/wp\/v2\/media?parent=6089"}],"curies":[{"name":"wp","href":"https:\/\/api.w.org\/{rel}","templated":true}]}}