{"id":5542,"date":"2024-02-29T16:29:15","date_gmt":"2024-02-29T19:29:15","guid":{"rendered":"http:\/\/globalme.com.br\/?page_id=5542"},"modified":"2024-10-30T12:03:58","modified_gmt":"2024-10-30T15:03:58","slug":"nossos-espacos","status":"publish","type":"page","link":"https:\/\/globalme.com.br\/en\/nossos-espacos\/","title":{"rendered":"Our Facilities"},"content":{"rendered":"<section class=\"wpb-content-wrapper\"><div class=\"vc_row wpb_row vc_row-fluid\"><div class=\"wpb_column vc_column_container vc_col-sm-6\"><div class=\"vc_column-inner\"><div class=\"wpb_wrapper\">\n\t<div class=\"wpb_raw_code wpb_content_element wpb_raw_html\" >\n\t\t<div class=\"wpb_wrapper\">\n\t\t\t<style>.wpcp-carousel-section .wpcp-swiper-dots {\n  position: relative !important;\n  margin-top: -20px !important;\n}<\/style><style id=\"wp_carousel_dynamic_css5674\">#sp-wp-carousel-free-id-5674.sp-wpcp-5674 .wpcp-single-item {border: 0px solid #dddddd;}#sp-wp-carousel-free-id-5674.sp-wpcp-5674 .wpcp-swiper-dots .swiper-pagination-bullet {background-color: #cccccc;}#sp-wp-carousel-free-id-5674.sp-wpcp-5674 .wpcp-swiper-dots .swiper-pagination-bullet.swiper-pagination-bullet-active {background-color: #178087;} #sp-wp-carousel-free-id-5674.sp-wpcp-5674.wpcp-image-carousel .wpcp-single-item:hover img, #sp-wp-carousel-free-id-5674.sp-wpcp-5674.wpcp-post-carousel .wpcp-single-item:hover img, #sp-wp-carousel-free-id-5674.sp-wpcp-5674.wpcp-product-carousel .wpcp-single-item:hover img{-webkit-transform: scale(1.2);-moz-transform: scale(1.2);transform: scale(1.2);}#sp-wp-carousel-free-id-5674.nav-vertical-center {padding: 0;margin:0;}#sp-wp-carousel-free-id-5674 .wpcpro-row>[class*=\"wpcpro-col-\"] { padding: 0 0px; padding-bottom: 0px;}@media (min-width: 480px) { .wpcpro-row .wpcpro-col-sm-1 { flex: 0 0 100%; max-width: 100%; } .wpcpro-row .wpcpro-col-sm-2 { flex: 0 0 50%; max-width: 50%; } .wpcpro-row .wpcpro-col-sm-2-5 { flex: 0 0 75%; max-width: 75%; } .wpcpro-row .wpcpro-col-sm-3 { flex: 0 0 33.333%; max-width: 33.333%; } .wpcpro-row .wpcpro-col-sm-4 { flex: 0 0 25%; max-width: 25%; } .wpcpro-row .wpcpro-col-sm-5 { flex: 0 0 20%; max-width: 20%; } .wpcpro-row .wpcpro-col-sm-6 { flex: 0 0 16.66666666666667%; max-width: 16.66666666666667%; } .wpcpro-row .wpcpro-col-sm-7 { flex: 0 0 14.28571428%; max-width: 14.28571428%; } .wpcpro-row .wpcpro-col-sm-8 { flex: 0 0 12.5%; max-width: 12.5%; } } @media (max-width: 480px) { .wpcpro-row .wpcpro-col-xs-1 { flex: 0 0 100%; max-width: 100%; } .wpcpro-row .wpcpro-col-xs-2 { flex: 0 0 50%; max-width: 50%; } .wpcpro-row .wpcpro-col-xs-3 { flex: 0 0 33.222%; max-width: 33.222%; } .wpcpro-row .wpcpro-col-xs-4 { flex: 0 0 25%; max-width: 25%; } .wpcpro-row .wpcpro-col-xs-5 { flex: 0 0 20%; max-width: 20%; } .wpcpro-row .wpcpro-col-xs-6 { flex: 0 0 16.6667%; max-width: 16.6667%; } .wpcpro-row .wpcpro-col-xs-7 { flex: 0 0 14.28571428%; max-width: 14.28571428%; } .wpcpro-row .wpcpro-col-xs-8 { flex: 0 0 12.5%; max-width: 12.5%; } } @media (min-width: 736px) { .wpcpro-row .wpcpro-col-md-1 { flex: 0 0 100%; max-width: 100%; } .wpcpro-row .wpcpro-col-md-2 { flex: 0 0 50%; max-width: 50%; } .wpcpro-row .wpcpro-col-md-2-5 { flex: 0 0 75%; max-width: 75%; } .wpcpro-row .wpcpro-col-md-3 { flex: 0 0 33.333%; max-width: 33.333%; } .wpcpro-row .wpcpro-col-md-4 { flex: 0 0 25%; max-width: 25%; } .wpcpro-row .wpcpro-col-md-5 { flex: 0 0 20%; max-width: 20%; } .wpcpro-row .wpcpro-col-md-6 { flex: 0 0 16.66666666666667%; max-width: 16.66666666666667%; } .wpcpro-row .wpcpro-col-md-7 { flex: 0 0 14.28571428%; max-width: 14.28571428%; } .wpcpro-row .wpcpro-col-md-8 { flex: 0 0 12.5%; max-width: 12.5%; } } @media (min-width: 980px) { .wpcpro-row .wpcpro-col-lg-1 { flex: 0 0 100%; max-width: 100%; } .wpcpro-row .wpcpro-col-lg-2 { flex: 0 0 50%; max-width: 50%; } .wpcpro-row .wpcpro-col-lg-3 { flex: 0 0 33.222%; max-width: 33.222%; } .wpcpro-row .wpcpro-col-lg-4 { flex: 0 0 25%; max-width: 25%; } .wpcpro-row .wpcpro-col-lg-5 { flex: 0 0 20%; max-width: 20%; } .wpcpro-row .wpcpro-col-lg-6 { flex: 0 0 16.6667%; max-width: 16.6667%; } .wpcpro-row .wpcpro-col-lg-7 { flex: 0 0 14.28571428%; max-width: 14.28571428%; } .wpcpro-row .wpcpro-col-lg-8 { flex: 0 0 12.5%; max-width: 12.5%; } } @media (min-width: 1200px) { .wpcpro-row .wpcpro-col-xl-1 { flex: 0 0 100%; max-width: 100%; } .wpcpro-row .wpcpro-col-xl-2 { flex: 0 0 50%; max-width: 50%; } .wpcpro-row .wpcpro-col-xl-3 { flex: 0 0 33.22222222%; max-width: 33.22222222%; } .wpcpro-row .wpcpro-col-xl-4 { flex: 0 0 25%; max-width: 25%; } .wpcpro-row .wpcpro-col-xl-5 { flex: 0 0 20%; max-width: 20%; } .wpcpro-row .wpcpro-col-xl-6 { flex: 0 0 16.66667%; max-width: 16.66667%; } .wpcpro-row .wpcpro-col-xl-7 { flex: 0 0 14.28571428%; max-width: 14.28571428%; } .wpcpro-row .wpcpro-col-xl-8 { flex: 0 0 12.5%; max-width: 12.5%; } }<\/style><div class=\"wpcp-carousel-wrapper wpcp-wrapper-5674\">\n\t<div id=\"wpcp-preloader-5674\" class=\"wpcp-carousel-preloader\"><img decoding=\"async\" src=\"https:\/\/globalme.com.br\/wp-content\/plugins\/wp-carousel-free\/public\/css\/spinner.svg\" alt=\"Preloader Image\" \/><\/div>\t<div class=\"wpcp-carousel-content-wrapper\">\n\t<div id=\"sp-wp-carousel-free-id-5674\" class=\"wpcp-carousel-section sp-wpcp-5674  nav-vertical-center wpcp-image-carousel wpcp-preloader wpcp-standard\" data-swiper='{ \"accessibility\":true, \"spaceBetween\":0, \"arrows\":false, \"freeMode\": false, \"autoplay\":true, \"autoplaySpeed\":3000, \"dots\":true, \"infinite\":true, \"speed\":600, \"pauseOnHover\":true,\t\t\t\"slidesToShow\":{\"lg_desktop\":1, \"desktop\": 1, \"laptop\": 1, \"tablet\": 1, \"mobile\": 1}, \"responsive\":{\"desktop\":1200, \"laptop\": 980, \"tablet\": 736, \"mobile\": 480}, \"rtl\":false, \"lazyLoad\": \"false\", \"swipe\": true, \"draggable\": true, \"swipeToSlide\":false }'   dir=\"ltr\">\n\t\t<div class=\"swiper-wrapper\">\n\t\t<div class=\"swiper-slide\">\n\t<div class=\"wpcp-single-item\">\n\t\t\t<a class=\"wcp-light-box\" data-buttons='[\"close\"]' data-wpc_url='https:\/\/globalme.com.br\/wp-content\/uploads\/2024\/04\/IMG_3189-1.jpg' href=\"https:\/\/globalme.com.br\/wp-content\/uploads\/2024\/04\/IMG_3189-1.jpg\" data-fancybox=\"wpcp_view\">\n\t\t<figure>\n\t\t\t<img loading=\"lazy\" decoding=\"async\" class=\"skip-lazy\" src=\"https:\/\/globalme.com.br\/wp-content\/uploads\/2024\/04\/IMG_3189-1.jpg\" alt=\"IMG_3189\" width=\"800\" height=\"533\">\t\t<\/figure>\n\t<\/a>\n\t\t<\/div>\n<\/div>\n\t<div class=\"swiper-slide\">\n\t<div class=\"wpcp-single-item\">\n\t\t\t<a class=\"wcp-light-box\" data-buttons='[\"close\"]' data-wpc_url='https:\/\/globalme.com.br\/wp-content\/uploads\/2024\/04\/IMG_7250.jpg' href=\"https:\/\/globalme.com.br\/wp-content\/uploads\/2024\/04\/IMG_7250.jpg\" data-fancybox=\"wpcp_view\">\n\t\t<figure>\n\t\t\t<img loading=\"lazy\" decoding=\"async\" class=\"skip-lazy\" src=\"https:\/\/globalme.com.br\/wp-content\/uploads\/2024\/04\/IMG_7250.jpg\" alt=\"IMG_7250\" width=\"800\" height=\"533\">\t\t<\/figure>\n\t<\/a>\n\t\t<\/div>\n<\/div>\n\t<div class=\"swiper-slide\">\n\t<div class=\"wpcp-single-item\">\n\t\t\t<a class=\"wcp-light-box\" data-buttons='[\"close\"]' data-wpc_url='https:\/\/globalme.com.br\/wp-content\/uploads\/2024\/04\/IMG_9408.jpg' href=\"https:\/\/globalme.com.br\/wp-content\/uploads\/2024\/04\/IMG_9408.jpg\" data-fancybox=\"wpcp_view\">\n\t\t<figure>\n\t\t\t<img loading=\"lazy\" decoding=\"async\" class=\"skip-lazy\" src=\"https:\/\/globalme.com.br\/wp-content\/uploads\/2024\/04\/IMG_9408.jpg\" alt=\"IMG_9408\" width=\"800\" height=\"533\">\t\t<\/figure>\n\t<\/a>\n\t\t<\/div>\n<\/div>\n\t<div class=\"swiper-slide\">\n\t<div class=\"wpcp-single-item\">\n\t\t\t<a class=\"wcp-light-box\" data-buttons='[\"close\"]' data-wpc_url='https:\/\/globalme.com.br\/wp-content\/uploads\/2024\/04\/IMG_9833.jpg' href=\"https:\/\/globalme.com.br\/wp-content\/uploads\/2024\/04\/IMG_9833.jpg\" data-fancybox=\"wpcp_view\">\n\t\t<figure>\n\t\t\t<img loading=\"lazy\" decoding=\"async\" class=\"skip-lazy\" src=\"https:\/\/globalme.com.br\/wp-content\/uploads\/2024\/04\/IMG_9833.jpg\" alt=\"IMG_9833\" width=\"800\" height=\"533\">\t\t<\/figure>\n\t<\/a>\n\t\t<\/div>\n<\/div>\n\t<div class=\"swiper-slide\">\n\t<div class=\"wpcp-single-item\">\n\t\t\t<a class=\"wcp-light-box\" data-buttons='[\"close\"]' data-wpc_url='https:\/\/globalme.com.br\/wp-content\/uploads\/2024\/06\/capoeira-1.jpg' href=\"https:\/\/globalme.com.br\/wp-content\/uploads\/2024\/06\/capoeira-1.jpg\" data-fancybox=\"wpcp_view\">\n\t\t<figure>\n\t\t\t<img loading=\"lazy\" decoding=\"async\" class=\"skip-lazy\" src=\"https:\/\/globalme.com.br\/wp-content\/uploads\/2024\/06\/capoeira-1.jpg\" alt=\"capoeira\" width=\"800\" height=\"534\">\t\t<\/figure>\n\t<\/a>\n\t\t<\/div>\n<\/div>\n\t\t\t<\/div>\n\t\t\t\t\t<div class=\"wpcp-swiper-dots swiper-pagination\"><\/div>\n\t\t\t\t<!-- If we need navigation buttons -->\n\t\t\t<\/div>\n\t<\/div>\n<\/div>\n\n\t\t<\/div>\n\t<\/div>\n<\/div><\/div><\/div><div class=\"wpb_column vc_column_container vc_col-sm-6\"><div class=\"vc_column-inner\"><div class=\"wpb_wrapper\">\n\t<div class=\"wpb_text_column wpb_content_element\" >\n\t\t<div class=\"wpb_wrapper\">\n\t\t\t<p><strong>A STIMULATING ENVIRONEMNT FOR A FULL DEVELOPMENT<\/strong><\/p>\n<p>At Global Me, we believe that the school\u2019s physical space plays a crucial role in the development of our students. Our campus was carefully designed to offer a stimulating environment and to promote academic learning and motor skills training, foster creativity, and raise environmental awareness. Our structures allow the children to explore the world of culinary arts, practice water sports, and establish, from an early age, a connection with nature and sustainability.<\/p>\n\n\t\t<\/div>\n\t<\/div>\n<\/div><\/div><\/div><\/div><div class=\"vc_row wpb_row vc_row-fluid\"><div class=\"wpb_column vc_column_container vc_col-sm-12\"><div class=\"vc_column-inner\"><div class=\"wpb_wrapper\">\n\t<div class=\"wpb_text_column wpb_content_element\" >\n\t\t<div class=\"wpb_wrapper\">\n\t\t\t<p><strong>Explore our Locations:<\/strong><\/p>\n\n\t\t<\/div>\n\t<\/div>\n<\/div><\/div><\/div><\/div><div class=\"vc_row wpb_row vc_row-fluid\"><div class=\"wpb_column vc_column_container vc_col-sm-6\"><div class=\"vc_column-inner\"><div class=\"wpb_wrapper\">\n\t<div class=\"wpb_text_column wpb_content_element\" >\n\t\t<div class=\"wpb_wrapper\">\n\t\t\t<p><strong>Global Me Jardins<\/strong><\/p>\n\n\t\t<\/div>\n\t<\/div>\n\n\t<div class=\"wpb_raw_code wpb_content_element wpb_raw_html\" >\n\t\t<div class=\"wpb_wrapper\">\n\t\t\t<ul class=\"ztl-list\">\n<li>Parks surrounded by nature<\/li>\n<li>Organic vegetable garden<\/li>\n<li>Fruit trees<\/li>\n<li>Experimental kitchen<\/li>\n<li>Heated, indoor, and ozone-treated swimming pool<\/li>\n<li>Sports facilities<\/li>\n<li>Motor skills training room<\/li>\n<li>Library<\/li>\n<li>Art studio\/makerspace<\/li>\n<li>Music room<\/li>\n<li>Ballet studio<\/li>\n<li>Parking space inside the gates<\/li>\n<\/ul>\n\t\t<\/div>\n\t<\/div>\n<\/div><\/div><\/div><div class=\"wpb_column vc_column_container vc_col-sm-6\"><div class=\"vc_column-inner\"><div class=\"wpb_wrapper\">\n\t<div class=\"wpb_text_column wpb_content_element\" >\n\t\t<div class=\"wpb_wrapper\">\n\t\t\t<p><strong>Global Me Itaim<\/strong><\/p>\n\n\t\t<\/div>\n\t<\/div>\n\n\t<div class=\"wpb_raw_code wpb_content_element wpb_raw_html\" >\n\t\t<div class=\"wpb_wrapper\">\n\t\t\t<ul class=\"ztl-list\">\n<li>Parks surrounded by nature<\/li>\n<li>Fruit trees<\/li>\n<li>Experimental kitchen<\/li>\n<li>Heated, indoor, and ozone-treated swimming pool<\/li>\n<li>Sports facilities<\/li>\n<li>Sand court<\/li>\n<li>Auditorium<\/li>\n<li>Motor skills training room<\/li>\n<li>Library<\/li>\n<li>Art studio\/makerspace<\/li>\n<li>Music room<\/li>\n<li>Ballet studio<\/li>\n<li>Driveway<\/li>\n<li>Organic vegetable garden<\/li>\n<\/ul>\n\t\t<\/div>\n\t<\/div>\n<\/div><\/div><\/div><\/div><div data-vc-full-width=\"true\" data-vc-full-width-init=\"false\" data-vc-stretch-content=\"true\" class=\"vc_row wpb_row vc_row-fluid vc_custom_1707394507232 vc_row-has-fill vc_row-no-padding\"><div class=\"wpb_column vc_column_container vc_col-sm-1\/5\"><div class=\"vc_column-inner\"><div class=\"wpb_wrapper\">\n\t<div  class=\"wpb_single_image wpb_content_element vc_align_left\">\n\t\t\n\t\t<figure class=\"wpb_wrapper vc_figure\">\n\t\t\t<a class=\"\" data-lightbox=\"lightbox[rel-5542-3214633508]\" href=\"https:\/\/globalme.com.br\/wp-content\/uploads\/2024\/02\/WhatsApp-Image-2023-10-23-at-15.18.38.jpeg\" target=\"_self\"><img loading=\"lazy\" decoding=\"async\" width=\"800\" height=\"600\" src=\"https:\/\/globalme.com.br\/wp-content\/uploads\/2024\/02\/WhatsApp-Image-2023-10-23-at-15.18.38.jpeg\" class=\"vc_single_image-img attachment-full\" alt=\"\" title=\"WhatsApp Image 2023-10-23 at 15.18.38\" srcset=\"https:\/\/globalme.com.br\/wp-content\/uploads\/2024\/02\/WhatsApp-Image-2023-10-23-at-15.18.38.jpeg 800w, https:\/\/globalme.com.br\/wp-content\/uploads\/2024\/02\/WhatsApp-Image-2023-10-23-at-15.18.38-300x225.jpeg 300w, https:\/\/globalme.com.br\/wp-content\/uploads\/2024\/02\/WhatsApp-Image-2023-10-23-at-15.18.38-768x576.jpeg 768w, https:\/\/globalme.com.br\/wp-content\/uploads\/2024\/02\/WhatsApp-Image-2023-10-23-at-15.18.38-600x450.jpeg 600w\" sizes=\"auto, (max-width: 800px) 100vw, 800px\" \/><\/a>\n\t\t<\/figure>\n\t<\/div>\n<\/div><\/div><\/div><div class=\"wpb_column vc_column_container vc_col-sm-1\/5\"><div class=\"vc_column-inner\"><div class=\"wpb_wrapper\">\n\t<div  class=\"wpb_single_image wpb_content_element vc_align_left\">\n\t\t\n\t\t<figure class=\"wpb_wrapper vc_figure\">\n\t\t\t<a class=\"\" data-lightbox=\"lightbox[rel-5542-435590992]\" href=\"https:\/\/globalme.com.br\/wp-content\/uploads\/2024\/02\/WhatsApp-Image-2023-10-23-at-15.15.48-1.jpeg\" target=\"_self\"><img loading=\"lazy\" decoding=\"async\" width=\"800\" height=\"600\" src=\"https:\/\/globalme.com.br\/wp-content\/uploads\/2024\/02\/WhatsApp-Image-2023-10-23-at-15.15.48-1.jpeg\" class=\"vc_single_image-img attachment-full\" alt=\"\" title=\"WhatsApp Image 2023-10-23 at 15.15.48\" srcset=\"https:\/\/globalme.com.br\/wp-content\/uploads\/2024\/02\/WhatsApp-Image-2023-10-23-at-15.15.48-1.jpeg 800w, https:\/\/globalme.com.br\/wp-content\/uploads\/2024\/02\/WhatsApp-Image-2023-10-23-at-15.15.48-1-300x225.jpeg 300w, https:\/\/globalme.com.br\/wp-content\/uploads\/2024\/02\/WhatsApp-Image-2023-10-23-at-15.15.48-1-768x576.jpeg 768w, https:\/\/globalme.com.br\/wp-content\/uploads\/2024\/02\/WhatsApp-Image-2023-10-23-at-15.15.48-1-600x450.jpeg 600w\" sizes=\"auto, (max-width: 800px) 100vw, 800px\" \/><\/a>\n\t\t<\/figure>\n\t<\/div>\n<\/div><\/div><\/div><div class=\"wpb_column vc_column_container vc_col-sm-1\/5\"><div class=\"vc_column-inner\"><div class=\"wpb_wrapper\">\n\t<div  class=\"wpb_single_image wpb_content_element vc_align_left\">\n\t\t\n\t\t<figure class=\"wpb_wrapper vc_figure\">\n\t\t\t<a class=\"\" data-lightbox=\"lightbox[rel-5542-687154270]\" href=\"https:\/\/globalme.com.br\/wp-content\/uploads\/2024\/02\/IMG_6139.jpg\" target=\"_self\"><img loading=\"lazy\" decoding=\"async\" width=\"800\" height=\"600\" src=\"https:\/\/globalme.com.br\/wp-content\/uploads\/2024\/02\/IMG_6139.jpg\" class=\"vc_single_image-img attachment-full\" alt=\"\" title=\"IMG_6139\" srcset=\"https:\/\/globalme.com.br\/wp-content\/uploads\/2024\/02\/IMG_6139.jpg 800w, https:\/\/globalme.com.br\/wp-content\/uploads\/2024\/02\/IMG_6139-300x225.jpg 300w, https:\/\/globalme.com.br\/wp-content\/uploads\/2024\/02\/IMG_6139-768x576.jpg 768w, https:\/\/globalme.com.br\/wp-content\/uploads\/2024\/02\/IMG_6139-600x450.jpg 600w\" sizes=\"auto, (max-width: 800px) 100vw, 800px\" \/><\/a>\n\t\t<\/figure>\n\t<\/div>\n<\/div><\/div><\/div><div class=\"wpb_column vc_column_container vc_col-sm-1\/5\"><div class=\"vc_column-inner\"><div class=\"wpb_wrapper\">\n\t<div  class=\"wpb_single_image wpb_content_element vc_align_left\">\n\t\t\n\t\t<figure class=\"wpb_wrapper vc_figure\">\n\t\t\t<a class=\"\" data-lightbox=\"lightbox[rel-5542-2007274986]\" href=\"https:\/\/globalme.com.br\/wp-content\/uploads\/2024\/02\/IMG_4841.jpg\" target=\"_self\"><img loading=\"lazy\" decoding=\"async\" width=\"800\" height=\"600\" src=\"https:\/\/globalme.com.br\/wp-content\/uploads\/2024\/02\/IMG_4841.jpg\" class=\"vc_single_image-img attachment-full\" alt=\"\" title=\"IMG_4841\" srcset=\"https:\/\/globalme.com.br\/wp-content\/uploads\/2024\/02\/IMG_4841.jpg 800w, https:\/\/globalme.com.br\/wp-content\/uploads\/2024\/02\/IMG_4841-300x225.jpg 300w, https:\/\/globalme.com.br\/wp-content\/uploads\/2024\/02\/IMG_4841-768x576.jpg 768w, https:\/\/globalme.com.br\/wp-content\/uploads\/2024\/02\/IMG_4841-600x450.jpg 600w\" sizes=\"auto, (max-width: 800px) 100vw, 800px\" \/><\/a>\n\t\t<\/figure>\n\t<\/div>\n<\/div><\/div><\/div><div class=\"wpb_column vc_column_container vc_col-sm-1\/5\"><div class=\"vc_column-inner\"><div class=\"wpb_wrapper\">\n\t<div  class=\"wpb_single_image wpb_content_element vc_align_left\">\n\t\t\n\t\t<figure class=\"wpb_wrapper vc_figure\">\n\t\t\t<a class=\"\" data-lightbox=\"lightbox[rel-5542-2786256652]\" href=\"https:\/\/globalme.com.br\/wp-content\/uploads\/2024\/02\/IMG_2666.jpg\" target=\"_self\"><img loading=\"lazy\" decoding=\"async\" width=\"800\" height=\"600\" src=\"https:\/\/globalme.com.br\/wp-content\/uploads\/2024\/02\/IMG_2666.jpg\" class=\"vc_single_image-img attachment-full\" alt=\"\" title=\"IMG_2666\" srcset=\"https:\/\/globalme.com.br\/wp-content\/uploads\/2024\/02\/IMG_2666.jpg 800w, https:\/\/globalme.com.br\/wp-content\/uploads\/2024\/02\/IMG_2666-300x225.jpg 300w, https:\/\/globalme.com.br\/wp-content\/uploads\/2024\/02\/IMG_2666-768x576.jpg 768w, https:\/\/globalme.com.br\/wp-content\/uploads\/2024\/02\/IMG_2666-600x450.jpg 600w\" sizes=\"auto, (max-width: 800px) 100vw, 800px\" \/><\/a>\n\t\t<\/figure>\n\t<\/div>\n<\/div><\/div><\/div><\/div><div class=\"vc_row-full-width vc_clearfix\"><\/div><div class=\"vc_row wpb_row vc_row-fluid\"><div class=\"wpb_column vc_column_container vc_col-sm-12\"><div class=\"vc_column-inner\"><div class=\"wpb_wrapper\"><div class=\"vc_btn3-container vc_btn3-inline\" ><a style=\"background-color:#1c458d; color:#ffffff;\" class=\"vc_general vc_btn3 vc_btn3-size-md vc_btn3-shape-rounded vc_btn3-style-custom\" href=\"http:\/\/globalme.com.br\/en\/informacoes-gerais-e-duvidas\/\" title=\"\">Learn More<\/a><\/div><\/div><\/div><\/div><\/div>\n<\/section>","protected":false},"excerpt":{"rendered":"AMBIENTE ESTIMULANTE PARA O DESENVOLVIMENTO INTEGRAL Na Global Me School, acreditamos que o ambiente f\u00edsico da escola desempenha um papel fundamental no desenvolvimento integral de nossos alunos. Nosso c\u00e2mpus foi cuidadosamente projetado para oferecer um ambiente estimulante e para promover, n\u00e3o s\u00f3 o aprendizado acad\u00eamico, mas tamb\u00e9m o desenvolvimento da parte motora, a criatividade e [...]","protected":false},"author":1,"featured_media":0,"parent":0,"menu_order":0,"comment_status":"closed","ping_status":"open","template":"","meta":{"footnotes":""},"class_list":["post-5542","page","type-page","status-publish","hentry"],"_links":{"self":[{"href":"https:\/\/globalme.com.br\/en\/wp-json\/wp\/v2\/pages\/5542","targetHints":{"allow":["GET"]}}],"collection":[{"href":"https:\/\/globalme.com.br\/en\/wp-json\/wp\/v2\/pages"}],"about":[{"href":"https:\/\/globalme.com.br\/en\/wp-json\/wp\/v2\/types\/page"}],"author":[{"embeddable":true,"href":"https:\/\/globalme.com.br\/en\/wp-json\/wp\/v2\/users\/1"}],"replies":[{"embeddable":true,"href":"https:\/\/globalme.com.br\/en\/wp-json\/wp\/v2\/comments?post=5542"}],"version-history":[{"count":10,"href":"https:\/\/globalme.com.br\/en\/wp-json\/wp\/v2\/pages\/5542\/revisions"}],"predecessor-version":[{"id":6059,"href":"https:\/\/globalme.com.br\/en\/wp-json\/wp\/v2\/pages\/5542\/revisions\/6059"}],"wp:attachment":[{"href":"https:\/\/globalme.com.br\/en\/wp-json\/wp\/v2\/media?parent=5542"}],"curies":[{"name":"wp","href":"https:\/\/api.w.org\/{rel}","templated":true}]}}