{"id":5349,"date":"2024-01-29T10:35:48","date_gmt":"2024-01-29T13:35:48","guid":{"rendered":"http:\/\/globalme.com.br\/?page_id=5349"},"modified":"2024-10-30T11:22:46","modified_gmt":"2024-10-30T14:22:46","slug":"educacao-bilingue","status":"publish","type":"page","link":"https:\/\/globalme.com.br\/en\/educacao-bilingue\/","title":{"rendered":"Bilingual Education"},"content":{"rendered":"<section class=\"wpb-content-wrapper\"><div class=\"vc_row wpb_row vc_row-fluid\"><div class=\"wpb_column vc_column_container vc_col-sm-6\"><div class=\"vc_column-inner\"><div class=\"wpb_wrapper\">\n\t<div  class=\"wpb_single_image wpb_content_element vc_align_left\">\n\t\t\n\t\t<figure class=\"wpb_wrapper vc_figure\">\n\t\t\t<div class=\"vc_single_image-wrapper   vc_box_border_grey\"><img loading=\"lazy\" decoding=\"async\" width=\"800\" height=\"534\" src=\"https:\/\/globalme.com.br\/wp-content\/uploads\/2024\/04\/IMG_9173.jpg\" class=\"vc_single_image-img attachment-full\" alt=\"\" title=\"IMG_9173\" srcset=\"https:\/\/globalme.com.br\/wp-content\/uploads\/2024\/04\/IMG_9173.jpg 800w, https:\/\/globalme.com.br\/wp-content\/uploads\/2024\/04\/IMG_9173-300x200.jpg 300w, https:\/\/globalme.com.br\/wp-content\/uploads\/2024\/04\/IMG_9173-768x513.jpg 768w, https:\/\/globalme.com.br\/wp-content\/uploads\/2024\/04\/IMG_9173-600x401.jpg 600w\" sizes=\"auto, (max-width: 800px) 100vw, 800px\" \/><\/div>\n\t\t<\/figure>\n\t<\/div>\n<\/div><\/div><\/div><div class=\"wpb_column vc_column_container vc_col-sm-6\"><div class=\"vc_column-inner\"><div class=\"wpb_wrapper\">\n\t<div class=\"wpb_text_column wpb_content_element\" >\n\t\t<div class=\"wpb_wrapper\">\n\t\t\t<p>The sooner a child comes in contact with a second language, the more they are exposed to it and, therefore, the faster they can learn. Young children learn pronunciation and acquire fluency more easily and thus the learning process becomes more enjoyable.<\/p>\n<p>Bilingual children can develop more cognitive skills than those who speak only one language. They can think faster and are more flexible when it comes to logical reasoning, which boosts their creativity. It is also known that bilingual children are better equipped to deal with ambiguities and more easily develop cognitive skills since they have a wider language repertoire at their disposal. When children are exposed to a second language, they use different areas of their brain at the same time, which leads to a greater number of neuron connections (synapses).<\/p>\n\n\t\t<\/div>\n\t<\/div>\n<\/div><\/div><\/div><\/div><div class=\"vc_row wpb_row vc_row-fluid\"><div class=\"wpb_column vc_column_container vc_col-sm-12\"><div class=\"vc_column-inner\"><div class=\"wpb_wrapper\">\n\t<div class=\"wpb_text_column wpb_content_element\" >\n\t\t<div class=\"wpb_wrapper\">\n\t\t\t<h3 style=\"color: #18a2c7;\">THE LEARNING PROCESS<\/h3>\n<p>At Global Me, English is introduced through immersion. Our students live the language and learn from the need that is created by the teachable situations developed by our teachers who are experts in this field. The students develop fluency in English during all their time at Global Me. The learning happens in periods of English immersion. Parents or legal guardians can choose the schedule that best fits their needs: part time; semi-full time; or full time.<\/p>\n\n\t\t<\/div>\n\t<\/div>\n<\/div><\/div><\/div><\/div><div class=\"vc_row wpb_row vc_row-fluid\"><div class=\"wpb_column vc_column_container vc_col-sm-12\"><div class=\"vc_column-inner\"><div class=\"wpb_wrapper\"><div class=\"vc_btn3-container vc_btn3-inline\" ><a style=\"background-color:#1c458d; color:#ffffff;\" class=\"vc_general vc_btn3 vc_btn3-size-md vc_btn3-shape-rounded vc_btn3-style-custom\" href=\"http:\/\/globalme.com.br\/en\/informacoes-gerais-e-duvidas\/\" title=\"\">Learn More<\/a><\/div><\/div><\/div><\/div><\/div>\n<\/section>","protected":false},"excerpt":{"rendered":"Quanto mais cedo o contato com a segunda l\u00edngua, maior a exposi\u00e7\u00e3o e, consequentemente, mais r\u00e1pida a aquisi\u00e7\u00e3o. A crian\u00e7a adquire mais facilmente a pron\u00fancia e flu\u00eancia e todo o processo de aprendizagem se torna mais prazeroso. Crian\u00e7as bil\u00edngues tamb\u00e9m desenvolvem capacidades cognitivas que n\u00e3o s\u00e3o encontradas em monol\u00edngues. Elas t\u00eam mais agilidade e flexibilidade [...]","protected":false},"author":1,"featured_media":0,"parent":0,"menu_order":0,"comment_status":"closed","ping_status":"open","template":"","meta":{"footnotes":""},"class_list":["post-5349","page","type-page","status-publish","hentry"],"_links":{"self":[{"href":"https:\/\/globalme.com.br\/en\/wp-json\/wp\/v2\/pages\/5349","targetHints":{"allow":["GET"]}}],"collection":[{"href":"https:\/\/globalme.com.br\/en\/wp-json\/wp\/v2\/pages"}],"about":[{"href":"https:\/\/globalme.com.br\/en\/wp-json\/wp\/v2\/types\/page"}],"author":[{"embeddable":true,"href":"https:\/\/globalme.com.br\/en\/wp-json\/wp\/v2\/users\/1"}],"replies":[{"embeddable":true,"href":"https:\/\/globalme.com.br\/en\/wp-json\/wp\/v2\/comments?post=5349"}],"version-history":[{"count":8,"href":"https:\/\/globalme.com.br\/en\/wp-json\/wp\/v2\/pages\/5349\/revisions"}],"predecessor-version":[{"id":6057,"href":"https:\/\/globalme.com.br\/en\/wp-json\/wp\/v2\/pages\/5349\/revisions\/6057"}],"wp:attachment":[{"href":"https:\/\/globalme.com.br\/en\/wp-json\/wp\/v2\/media?parent=5349"}],"curies":[{"name":"wp","href":"https:\/\/api.w.org\/{rel}","templated":true}]}}