{"id":5364,"date":"2024-01-29T10:56:42","date_gmt":"2024-01-29T13:56:42","guid":{"rendered":"http:\/\/globalme.com.br\/?page_id=5364"},"modified":"2024-04-16T17:58:03","modified_gmt":"2024-04-16T20:58:03","slug":"ensino-fundamental-anos-iniciais","status":"publish","type":"page","link":"http:\/\/globalme.com.br\/en\/ensino-fundamental-anos-iniciais\/","title":{"rendered":"Children 6 to 10"},"content":{"rendered":"<section class=\"wpb-content-wrapper\"><div class=\"vc_row wpb_row vc_row-fluid\"><div class=\"wpb_column vc_column_container vc_col-sm-12\"><div class=\"vc_column-inner\"><div class=\"wpb_wrapper\">\n\t<div class=\"wpb_text_column wpb_content_element\" >\n\t\t<div class=\"wpb_wrapper\">\n\t\t\t<p><strong>A student who is ready for an ever-changing world<\/strong><\/p>\n<ul class=\"ztl-list\">\n<li><strong>Involvement:<\/strong> Students are directly involved and actively participate in building the learning process.<\/li>\n<li><strong>Act and Reflect:<\/strong> It\u2019s not just about doing \u2013 we must reflect on our actions.<\/li>\n<li class=\"translation-block\"><strong>Integration<\/strong> between what is learned in formal teaching structures (schools and universities) and its practical application in \u201creal life\u201d (in society, in our professional lives).<\/li>\n<\/ul>\n<p><strong>\u00a0<\/strong><\/p>\n<p><strong>Bilingual literacy cycle (children 6 to 10) and the BNCC (The Brazilian National Curriculum) as our academic bases<\/strong><\/p>\n<ul class=\"ztl-list\">\n<li class=\"translation-block\"><strong>Languages and Arts:<\/strong> English, Portuguese, Visual Arts, Physical Education, Drama, Music, and the Makerspace.<\/li>\n<li><strong>Maths<\/strong><\/li>\n<li><strong>Natural Sciences<\/strong><\/li>\n<li class=\"translation-block\"><strong>Humanities:<\/strong> Social Studies (Geography and History)<\/li>\n<\/ul>\n<p><strong>\u00a0<\/strong><\/p>\n<p><strong>Syllabus (Children 6 to 10)<\/strong><\/p>\n<ul class=\"ztl-list\">\n<li>English<\/li>\n<li>Portuguese<\/li>\n<li>Visual Arts<\/li>\n<li>Physical Education<\/li>\n<li>Makerspace<\/li>\n<li>Maths<\/li>\n<li>Sciences<\/li>\n<li>Geography and History<\/li>\n<li>Drama and Music<\/li>\n<\/ul>\n\n\t\t<\/div>\n\t<\/div>\n<\/div><\/div><\/div><\/div><div data-vc-full-width=\"true\" data-vc-full-width-init=\"false\" data-vc-stretch-content=\"true\" class=\"vc_row wpb_row vc_row-fluid vc_custom_1709048527040 vc_row-no-padding\"><div class=\"wpb_column vc_column_container vc_col-sm-12\"><div class=\"vc_column-inner\"><div class=\"wpb_wrapper\">\n\t<div class=\"wpb_raw_code wpb_content_element wpb_raw_html\" >\n\t\t<div class=\"wpb_wrapper\">\n\t\t\t<style id=\"wp_carousel_dynamic_css5591\">#sp-wp-carousel-free-id-5591.sp-wpcp-5591 .wpcp-single-item {border: 0px solid #dddddd;} #sp-wp-carousel-free-id-5591.sp-wpcp-5591.wpcp-image-carousel .wpcp-single-item:hover img, #sp-wp-carousel-free-id-5591.sp-wpcp-5591.wpcp-post-carousel .wpcp-single-item:hover img, #sp-wp-carousel-free-id-5591.sp-wpcp-5591.wpcp-product-carousel .wpcp-single-item:hover img{-webkit-transform: scale(1.2);-moz-transform: scale(1.2);transform: scale(1.2);}#sp-wp-carousel-free-id-5591.nav-vertical-center {padding: 0;margin:0;}#sp-wp-carousel-free-id-5591 .wpcpro-row>[class*=\"wpcpro-col-\"] { padding: 0 0px; padding-bottom: 0px;}@media (min-width: 480px) { .wpcpro-row .wpcpro-col-sm-1 { flex: 0 0 100%; max-width: 100%; } .wpcpro-row .wpcpro-col-sm-2 { flex: 0 0 50%; max-width: 50%; } .wpcpro-row .wpcpro-col-sm-2-5 { flex: 0 0 75%; max-width: 75%; } .wpcpro-row .wpcpro-col-sm-3 { flex: 0 0 33.333%; max-width: 33.333%; } .wpcpro-row .wpcpro-col-sm-4 { flex: 0 0 25%; max-width: 25%; } .wpcpro-row .wpcpro-col-sm-5 { flex: 0 0 20%; max-width: 20%; } .wpcpro-row .wpcpro-col-sm-6 { flex: 0 0 16.66666666666667%; max-width: 16.66666666666667%; } .wpcpro-row .wpcpro-col-sm-7 { flex: 0 0 14.28571428%; max-width: 14.28571428%; } .wpcpro-row .wpcpro-col-sm-8 { flex: 0 0 12.5%; max-width: 12.5%; } } @media (max-width: 480px) { .wpcpro-row .wpcpro-col-xs-1 { flex: 0 0 100%; max-width: 100%; } .wpcpro-row .wpcpro-col-xs-2 { flex: 0 0 50%; max-width: 50%; } .wpcpro-row .wpcpro-col-xs-3 { flex: 0 0 33.222%; max-width: 33.222%; } .wpcpro-row .wpcpro-col-xs-4 { flex: 0 0 25%; max-width: 25%; } .wpcpro-row .wpcpro-col-xs-5 { flex: 0 0 20%; max-width: 20%; } .wpcpro-row .wpcpro-col-xs-6 { flex: 0 0 16.6667%; max-width: 16.6667%; } .wpcpro-row .wpcpro-col-xs-7 { flex: 0 0 14.28571428%; max-width: 14.28571428%; } .wpcpro-row .wpcpro-col-xs-8 { flex: 0 0 12.5%; max-width: 12.5%; } } @media (min-width: 736px) { .wpcpro-row .wpcpro-col-md-1 { flex: 0 0 100%; max-width: 100%; } .wpcpro-row .wpcpro-col-md-2 { flex: 0 0 50%; max-width: 50%; } .wpcpro-row .wpcpro-col-md-2-5 { flex: 0 0 75%; max-width: 75%; } .wpcpro-row .wpcpro-col-md-3 { flex: 0 0 33.333%; max-width: 33.333%; } .wpcpro-row .wpcpro-col-md-4 { flex: 0 0 25%; max-width: 25%; } .wpcpro-row .wpcpro-col-md-5 { flex: 0 0 20%; max-width: 20%; } .wpcpro-row .wpcpro-col-md-6 { flex: 0 0 16.66666666666667%; max-width: 16.66666666666667%; } .wpcpro-row .wpcpro-col-md-7 { flex: 0 0 14.28571428%; max-width: 14.28571428%; } .wpcpro-row .wpcpro-col-md-8 { flex: 0 0 12.5%; max-width: 12.5%; } } @media (min-width: 980px) { .wpcpro-row .wpcpro-col-lg-1 { flex: 0 0 100%; max-width: 100%; } .wpcpro-row .wpcpro-col-lg-2 { flex: 0 0 50%; max-width: 50%; } .wpcpro-row .wpcpro-col-lg-3 { flex: 0 0 33.222%; max-width: 33.222%; } .wpcpro-row .wpcpro-col-lg-4 { flex: 0 0 25%; max-width: 25%; } .wpcpro-row .wpcpro-col-lg-5 { flex: 0 0 20%; max-width: 20%; } .wpcpro-row .wpcpro-col-lg-6 { flex: 0 0 16.6667%; max-width: 16.6667%; } .wpcpro-row .wpcpro-col-lg-7 { flex: 0 0 14.28571428%; max-width: 14.28571428%; } .wpcpro-row .wpcpro-col-lg-8 { flex: 0 0 12.5%; max-width: 12.5%; } } @media (min-width: 1200px) { .wpcpro-row .wpcpro-col-xl-1 { flex: 0 0 100%; max-width: 100%; } .wpcpro-row .wpcpro-col-xl-2 { flex: 0 0 50%; max-width: 50%; } .wpcpro-row .wpcpro-col-xl-3 { flex: 0 0 33.22222222%; max-width: 33.22222222%; } .wpcpro-row .wpcpro-col-xl-4 { flex: 0 0 25%; max-width: 25%; } .wpcpro-row .wpcpro-col-xl-5 { flex: 0 0 20%; max-width: 20%; } .wpcpro-row .wpcpro-col-xl-6 { flex: 0 0 16.66667%; max-width: 16.66667%; } .wpcpro-row .wpcpro-col-xl-7 { flex: 0 0 14.28571428%; max-width: 14.28571428%; } .wpcpro-row .wpcpro-col-xl-8 { flex: 0 0 12.5%; max-width: 12.5%; } }<\/style><div class=\"wpcp-carousel-wrapper wpcp-wrapper-5591\">\n\t<div id=\"wpcp-preloader-5591\" class=\"wpcp-carousel-preloader\"><img decoding=\"async\" src=\"http:\/\/globalme.com.br\/wp-content\/plugins\/wp-carousel-free\/public\/css\/spinner.svg\" alt=\"Preloader Image\" \/><\/div>\t<div class=\"wpcp-carousel-content-wrapper\">\n\t<div id=\"sp-wp-carousel-free-id-5591\" class=\"wpcp-carousel-section sp-wpcp-5591  nav-vertical-center wpcp-image-carousel wpcp-preloader wpcp-standard\" data-swiper='{ \"accessibility\":true, \"spaceBetween\":0, \"arrows\":false, \"freeMode\": false, \"autoplay\":true, \"autoplaySpeed\":3000, \"dots\":false, \"infinite\":true, \"speed\":600, \"pauseOnHover\":true,\t\t\t\"slidesToShow\":{\"lg_desktop\":5, \"desktop\": 4, \"laptop\": 3, \"tablet\": 2, \"mobile\": 1}, \"responsive\":{\"desktop\":1200, \"laptop\": 980, \"tablet\": 736, \"mobile\": 480}, \"rtl\":false, \"lazyLoad\": \"false\", \"swipe\": true, \"draggable\": true, \"swipeToSlide\":false }'   dir=\"ltr\">\n\t\t<div class=\"swiper-wrapper\">\n\t\t<div class=\"swiper-slide\">\n\t<div class=\"wpcp-single-item\">\n\t\t\t<a class=\"wcp-light-box\" data-buttons='[\"close\"]' data-wpc_url='http:\/\/globalme.com.br\/wp-content\/uploads\/2024\/02\/WhatsApp-Image-2023-10-23-at-15.18.38.jpeg' href=\"http:\/\/globalme.com.br\/wp-content\/uploads\/2024\/02\/WhatsApp-Image-2023-10-23-at-15.18.38.jpeg\" data-fancybox=\"wpcp_view\">\n\t\t<figure>\n\t\t\t<img loading=\"lazy\" decoding=\"async\" class=\"skip-lazy\" src=\"http:\/\/globalme.com.br\/wp-content\/uploads\/2024\/02\/WhatsApp-Image-2023-10-23-at-15.18.38.jpeg\" alt=\"WhatsApp Image 2023-10-23 at 15.18.38\" width=\"800\" height=\"600\">\t\t<\/figure>\n\t<\/a>\n\t\t<\/div>\n<\/div>\n\t<div class=\"swiper-slide\">\n\t<div class=\"wpcp-single-item\">\n\t\t\t<a class=\"wcp-light-box\" data-buttons='[\"close\"]' data-wpc_url='http:\/\/globalme.com.br\/wp-content\/uploads\/2024\/02\/WhatsApp-Image-2023-10-23-at-15.15.48-1.jpeg' href=\"http:\/\/globalme.com.br\/wp-content\/uploads\/2024\/02\/WhatsApp-Image-2023-10-23-at-15.15.48-1.jpeg\" data-fancybox=\"wpcp_view\">\n\t\t<figure>\n\t\t\t<img loading=\"lazy\" decoding=\"async\" class=\"skip-lazy\" src=\"http:\/\/globalme.com.br\/wp-content\/uploads\/2024\/02\/WhatsApp-Image-2023-10-23-at-15.15.48-1.jpeg\" alt=\"WhatsApp Image 2023-10-23 at 15.15.48\" width=\"800\" height=\"600\">\t\t<\/figure>\n\t<\/a>\n\t\t<\/div>\n<\/div>\n\t<div class=\"swiper-slide\">\n\t<div class=\"wpcp-single-item\">\n\t\t\t<a class=\"wcp-light-box\" data-buttons='[\"close\"]' data-wpc_url='http:\/\/globalme.com.br\/wp-content\/uploads\/2024\/02\/IMG_4841.jpg' href=\"http:\/\/globalme.com.br\/wp-content\/uploads\/2024\/02\/IMG_4841.jpg\" data-fancybox=\"wpcp_view\">\n\t\t<figure>\n\t\t\t<img loading=\"lazy\" decoding=\"async\" class=\"skip-lazy\" src=\"http:\/\/globalme.com.br\/wp-content\/uploads\/2024\/02\/IMG_4841.jpg\" alt=\"IMG_4841\" width=\"800\" height=\"600\">\t\t<\/figure>\n\t<\/a>\n\t\t<\/div>\n<\/div>\n\t<div class=\"swiper-slide\">\n\t<div class=\"wpcp-single-item\">\n\t\t\t<a class=\"wcp-light-box\" data-buttons='[\"close\"]' data-wpc_url='http:\/\/globalme.com.br\/wp-content\/uploads\/2024\/02\/IMG_2666.jpg' href=\"http:\/\/globalme.com.br\/wp-content\/uploads\/2024\/02\/IMG_2666.jpg\" data-fancybox=\"wpcp_view\">\n\t\t<figure>\n\t\t\t<img loading=\"lazy\" decoding=\"async\" class=\"skip-lazy\" src=\"http:\/\/globalme.com.br\/wp-content\/uploads\/2024\/02\/IMG_2666.jpg\" alt=\"IMG_2666\" width=\"800\" height=\"600\">\t\t<\/figure>\n\t<\/a>\n\t\t<\/div>\n<\/div>\n\t<div class=\"swiper-slide\">\n\t<div class=\"wpcp-single-item\">\n\t\t\t<a class=\"wcp-light-box\" data-buttons='[\"close\"]' data-wpc_url='http:\/\/globalme.com.br\/wp-content\/uploads\/2024\/04\/IMG_3189.jpg' href=\"http:\/\/globalme.com.br\/wp-content\/uploads\/2024\/04\/IMG_3189.jpg\" data-fancybox=\"wpcp_view\">\n\t\t<figure>\n\t\t\t<img loading=\"lazy\" decoding=\"async\" class=\"skip-lazy\" src=\"http:\/\/globalme.com.br\/wp-content\/uploads\/2024\/04\/IMG_3189.jpg\" alt=\"IMG_3189\" width=\"800\" height=\"600\">\t\t<\/figure>\n\t<\/a>\n\t\t<\/div>\n<\/div>\n\t<div class=\"swiper-slide\">\n\t<div class=\"wpcp-single-item\">\n\t\t\t<a class=\"wcp-light-box\" data-buttons='[\"close\"]' data-wpc_url='http:\/\/globalme.com.br\/wp-content\/uploads\/2024\/04\/IMG_4860.jpg' href=\"http:\/\/globalme.com.br\/wp-content\/uploads\/2024\/04\/IMG_4860.jpg\" data-fancybox=\"wpcp_view\">\n\t\t<figure>\n\t\t\t<img loading=\"lazy\" decoding=\"async\" class=\"skip-lazy\" src=\"http:\/\/globalme.com.br\/wp-content\/uploads\/2024\/04\/IMG_4860.jpg\" alt=\"IMG_4860\" width=\"800\" height=\"600\">\t\t<\/figure>\n\t<\/a>\n\t\t<\/div>\n<\/div>\n\t<div class=\"swiper-slide\">\n\t<div class=\"wpcp-single-item\">\n\t\t\t<a class=\"wcp-light-box\" data-buttons='[\"close\"]' data-wpc_url='http:\/\/globalme.com.br\/wp-content\/uploads\/2024\/06\/in2-1.jpg' href=\"http:\/\/globalme.com.br\/wp-content\/uploads\/2024\/06\/in2-1.jpg\" data-fancybox=\"wpcp_view\">\n\t\t<figure>\n\t\t\t<img loading=\"lazy\" decoding=\"async\" class=\"skip-lazy\" src=\"http:\/\/globalme.com.br\/wp-content\/uploads\/2024\/06\/in2-1.jpg\" alt=\"in2\" width=\"800\" height=\"600\">\t\t<\/figure>\n\t<\/a>\n\t\t<\/div>\n<\/div>\n\t<div class=\"swiper-slide\">\n\t<div class=\"wpcp-single-item\">\n\t\t\t<a class=\"wcp-light-box\" data-buttons='[\"close\"]' data-wpc_url='http:\/\/globalme.com.br\/wp-content\/uploads\/2024\/06\/in3-1.jpg' href=\"http:\/\/globalme.com.br\/wp-content\/uploads\/2024\/06\/in3-1.jpg\" data-fancybox=\"wpcp_view\">\n\t\t<figure>\n\t\t\t<img loading=\"lazy\" decoding=\"async\" class=\"skip-lazy\" src=\"http:\/\/globalme.com.br\/wp-content\/uploads\/2024\/06\/in3-1.jpg\" alt=\"in3\" width=\"800\" height=\"600\">\t\t<\/figure>\n\t<\/a>\n\t\t<\/div>\n<\/div>\n\t<div class=\"swiper-slide\">\n\t<div class=\"wpcp-single-item\">\n\t\t\t<a class=\"wcp-light-box\" data-buttons='[\"close\"]' data-wpc_url='http:\/\/globalme.com.br\/wp-content\/uploads\/2024\/06\/saude-1.jpg' href=\"http:\/\/globalme.com.br\/wp-content\/uploads\/2024\/06\/saude-1.jpg\" data-fancybox=\"wpcp_view\">\n\t\t<figure>\n\t\t\t<img loading=\"lazy\" decoding=\"async\" class=\"skip-lazy\" src=\"http:\/\/globalme.com.br\/wp-content\/uploads\/2024\/06\/saude-1.jpg\" alt=\"saude\" width=\"800\" height=\"600\">\t\t<\/figure>\n\t<\/a>\n\t\t<\/div>\n<\/div>\n\t<div class=\"swiper-slide\">\n\t<div class=\"wpcp-single-item\">\n\t\t\t<a class=\"wcp-light-box\" data-buttons='[\"close\"]' data-wpc_url='http:\/\/globalme.com.br\/wp-content\/uploads\/2024\/06\/capoeira-2.jpg' href=\"http:\/\/globalme.com.br\/wp-content\/uploads\/2024\/06\/capoeira-2.jpg\" data-fancybox=\"wpcp_view\">\n\t\t<figure>\n\t\t\t<img loading=\"lazy\" decoding=\"async\" class=\"skip-lazy\" src=\"http:\/\/globalme.com.br\/wp-content\/uploads\/2024\/06\/capoeira-2.jpg\" alt=\"capoeira\" width=\"800\" height=\"600\">\t\t<\/figure>\n\t<\/a>\n\t\t<\/div>\n<\/div>\n\t\t\t<\/div>\n\t\t\t\t<!-- If we need navigation buttons -->\n\t\t\t<\/div>\n\t<\/div>\n<\/div>\n\n\t\t<\/div>\n\t<\/div>\n<\/div><\/div><\/div><\/div><div class=\"vc_row-full-width vc_clearfix\"><\/div><div class=\"vc_row wpb_row vc_row-fluid\"><div class=\"wpb_column vc_column_container vc_col-sm-12\"><div class=\"vc_column-inner\"><div class=\"wpb_wrapper\"><div class=\"vc_btn3-container vc_btn3-inline\" ><a style=\"background-color:#1c458d; color:#ffffff;\" class=\"vc_general vc_btn3 vc_btn3-size-md vc_btn3-shape-rounded vc_btn3-style-custom\" href=\"http:\/\/globalme.com.br\/en\/informacoes-gerais-e-duvidas\/\" title=\"\">Learn More<\/a><\/div><\/div><\/div><\/div><\/div>\n<\/section>","protected":false},"excerpt":{"rendered":"Aluno preparado para um mundo em transforma\u00e7\u00e3o Protagonismo: envolvimento direto, participativo e reflexivo do aluno na constru\u00e7\u00e3o do processo de aprendizagem. Bin\u00f4mio a\u00e7\u00e3o-reflex\u00e3o: N\u00e3o basta \u201cfazer\u201d: \u00e9 preciso refletir sobre o que \u00e9 feito. Integra\u00e7\u00e3o entre o que \u00e9 aprendido em situa\u00e7\u00f5es formais de ensino-aprendizagem (a escola, a universidade) e sua aplica\u00e7\u00e3o pr\u00e1tica na \u201cvida [...]","protected":false},"author":1,"featured_media":0,"parent":0,"menu_order":0,"comment_status":"closed","ping_status":"open","template":"","meta":{"footnotes":""},"class_list":["post-5364","page","type-page","status-publish","hentry"],"_links":{"self":[{"href":"http:\/\/globalme.com.br\/en\/wp-json\/wp\/v2\/pages\/5364","targetHints":{"allow":["GET"]}}],"collection":[{"href":"http:\/\/globalme.com.br\/en\/wp-json\/wp\/v2\/pages"}],"about":[{"href":"http:\/\/globalme.com.br\/en\/wp-json\/wp\/v2\/types\/page"}],"author":[{"embeddable":true,"href":"http:\/\/globalme.com.br\/en\/wp-json\/wp\/v2\/users\/1"}],"replies":[{"embeddable":true,"href":"http:\/\/globalme.com.br\/en\/wp-json\/wp\/v2\/comments?post=5364"}],"version-history":[{"count":6,"href":"http:\/\/globalme.com.br\/en\/wp-json\/wp\/v2\/pages\/5364\/revisions"}],"predecessor-version":[{"id":5893,"href":"http:\/\/globalme.com.br\/en\/wp-json\/wp\/v2\/pages\/5364\/revisions\/5893"}],"wp:attachment":[{"href":"http:\/\/globalme.com.br\/en\/wp-json\/wp\/v2\/media?parent=5364"}],"curies":[{"name":"wp","href":"https:\/\/api.w.org\/{rel}","templated":true}]}}