{"id":5355,"date":"2024-01-29T10:44:51","date_gmt":"2024-01-29T13:44:51","guid":{"rendered":"http:\/\/globalme.com.br\/?page_id=5355"},"modified":"2024-10-30T12:35:00","modified_gmt":"2024-10-30T15:35:00","slug":"atividades-esportes","status":"publish","type":"page","link":"http:\/\/globalme.com.br\/en\/atividades-esportes\/","title":{"rendered":"Sports and Activities"},"content":{"rendered":"<section class=\"wpb-content-wrapper\"><div class=\"vc_row wpb_row vc_row-fluid\"><div class=\"wpb_column vc_column_container vc_col-sm-12\"><div class=\"vc_column-inner\"><div class=\"wpb_wrapper\">\n\t<div class=\"wpb_text_column wpb_content_element\" >\n\t\t<div class=\"wpb_wrapper\">\n\t\t\t<p>A global education is one that fully explores a child\u2019s potential. Mind, body, and emotions need to be equally contemplated. A child who understands their body and their motor skills has higher self-esteem and is better at interacting with the world around them. That is why, at Global Me, sports are not just a detail \u2013 they are an integral part of our teaching culture.<\/p>\n\n\t\t<\/div>\n\t<\/div>\n<\/div><\/div><\/div><\/div><div class=\"vc_row wpb_row vc_row-fluid vc_custom_1714478037801 vc_row-o-equal-height vc_row-o-content-middle vc_row-flex\"><div class=\"wpb_column vc_column_container vc_col-sm-3\"><div class=\"vc_column-inner\"><div class=\"wpb_wrapper\">\n\t<div  class=\"wpb_single_image wpb_content_element vc_align_left\">\n\t\t\n\t\t<figure class=\"wpb_wrapper vc_figure\">\n\t\t\t<div class=\"vc_single_image-wrapper   vc_box_border_grey\"><img loading=\"lazy\" decoding=\"async\" width=\"600\" height=\"400\" src=\"http:\/\/globalme.com.br\/wp-content\/uploads\/2024\/04\/natacao.jpg\" class=\"vc_single_image-img attachment-full\" alt=\"\" title=\"natacao\" srcset=\"http:\/\/globalme.com.br\/wp-content\/uploads\/2024\/04\/natacao.jpg 600w, http:\/\/globalme.com.br\/wp-content\/uploads\/2024\/04\/natacao-300x200.jpg 300w\" sizes=\"auto, (max-width: 600px) 100vw, 600px\" \/><\/div>\n\t\t<\/figure>\n\t<\/div>\n<\/div><\/div><\/div><div class=\"wpb_column vc_column_container vc_col-sm-9\"><div class=\"vc_column-inner\"><div class=\"wpb_wrapper\"><h5 style=\"color:#18a2c7;line-height:1.3;\" class=\"ztl-accent-font ztl-left ztl-font-normal\">Swimming<\/h5><div class=\"vc_empty_space\"   style=\"height: 10px\"><span class=\"vc_empty_space_inner\"><\/span><\/div>\n\t<div class=\"wpb_text_column wpb_content_element\" >\n\t\t<div class=\"wpb_wrapper\">\n\t\t\t<p style=\"text-align: left;\">At Global Me, swimming is a part of the children\u2019s motor skills development. We respect everyone\u2019s individual pace and experience and encourage the students to overcome their own limitations. The lessons take place in a heated, indoor, and ozone-treated swimming pool.<\/p>\n\n\t\t<\/div>\n\t<\/div>\n<\/div><\/div><\/div><\/div><div class=\"vc_row wpb_row vc_row-fluid vc_custom_1714478037801 vc_row-o-equal-height vc_row-o-content-middle vc_row-flex\"><div class=\"wpb_column vc_column_container vc_col-sm-3\"><div class=\"vc_column-inner\"><div class=\"wpb_wrapper\">\n\t<div  class=\"wpb_single_image wpb_content_element vc_align_left\">\n\t\t\n\t\t<figure class=\"wpb_wrapper vc_figure\">\n\t\t\t<div class=\"vc_single_image-wrapper   vc_box_border_grey\"><img loading=\"lazy\" decoding=\"async\" width=\"600\" height=\"400\" src=\"http:\/\/globalme.com.br\/wp-content\/uploads\/2024\/04\/artes-marciais.jpg\" class=\"vc_single_image-img attachment-full\" alt=\"\" title=\"artes marciais\" srcset=\"http:\/\/globalme.com.br\/wp-content\/uploads\/2024\/04\/artes-marciais.jpg 600w, http:\/\/globalme.com.br\/wp-content\/uploads\/2024\/04\/artes-marciais-300x200.jpg 300w\" sizes=\"auto, (max-width: 600px) 100vw, 600px\" \/><\/div>\n\t\t<\/figure>\n\t<\/div>\n<\/div><\/div><\/div><div class=\"wpb_column vc_column_container vc_col-sm-9\"><div class=\"vc_column-inner\"><div class=\"wpb_wrapper\"><h5 style=\"color:#18a2c7;line-height:1.3;\" class=\"ztl-accent-font ztl-left ztl-font-normal\">Martial Arts<\/h5><div class=\"vc_empty_space\"   style=\"height: 10px\"><span class=\"vc_empty_space_inner\"><\/span><\/div>\n\t<div class=\"wpb_text_column wpb_content_element\" >\n\t\t<div class=\"wpb_wrapper\">\n\t\t\t<p>Martial Arts are based on respect, dedication, and discipline. At Global Me, we see martial arts as a way to promote the development of motor skills, mental and social skills, and discipline.<\/p>\n\n\t\t<\/div>\n\t<\/div>\n<\/div><\/div><\/div><\/div><div class=\"vc_row wpb_row vc_row-fluid vc_custom_1714478037801 vc_row-o-equal-height vc_row-o-content-middle vc_row-flex\"><div class=\"wpb_column vc_column_container vc_col-sm-3\"><div class=\"vc_column-inner\"><div class=\"wpb_wrapper\">\n\t<div  class=\"wpb_single_image wpb_content_element vc_align_left\">\n\t\t\n\t\t<figure class=\"wpb_wrapper vc_figure\">\n\t\t\t<div class=\"vc_single_image-wrapper   vc_box_border_grey\"><img loading=\"lazy\" decoding=\"async\" width=\"600\" height=\"400\" src=\"http:\/\/globalme.com.br\/wp-content\/uploads\/2024\/04\/ballet.jpeg\" class=\"vc_single_image-img attachment-full\" alt=\"\" title=\"ballet\" srcset=\"http:\/\/globalme.com.br\/wp-content\/uploads\/2024\/04\/ballet.jpeg 600w, http:\/\/globalme.com.br\/wp-content\/uploads\/2024\/04\/ballet-300x200.jpeg 300w\" sizes=\"auto, (max-width: 600px) 100vw, 600px\" \/><\/div>\n\t\t<\/figure>\n\t<\/div>\n<\/div><\/div><\/div><div class=\"wpb_column vc_column_container vc_col-sm-9\"><div class=\"vc_column-inner\"><div class=\"wpb_wrapper\"><h5 style=\"color:#18a2c7;line-height:1.3;\" class=\"ztl-accent-font ztl-left ztl-font-normal\">Ballet<\/h5><div class=\"vc_empty_space\"   style=\"height: 10px\"><span class=\"vc_empty_space_inner\"><\/span><\/div>\n\t<div class=\"wpb_text_column wpb_content_element\" >\n\t\t<div class=\"wpb_wrapper\">\n\t\t\t<p>The objective of dance classes at Global Me is to give students a channel for artistic expression. Dance moves are more than technique; they allow the children to communicate and learn how to \u201cfeel the world\u201d with their bodies. We have a partnership with the ballet school Ballet Paula Castro, whose methodology we follow, and our ballerinas are part of Paula Castro\u2019s dance body at their end-of-the-year performance at Teatro Alfa<\/p>\n\n\t\t<\/div>\n\t<\/div>\n<\/div><\/div><\/div><\/div><div class=\"vc_row wpb_row vc_row-fluid vc_custom_1714478037801 vc_row-o-equal-height vc_row-o-content-middle vc_row-flex\"><div class=\"wpb_column vc_column_container vc_col-sm-3\"><div class=\"vc_column-inner\"><div class=\"wpb_wrapper\">\n\t<div  class=\"wpb_single_image wpb_content_element vc_align_left\">\n\t\t\n\t\t<figure class=\"wpb_wrapper vc_figure\">\n\t\t\t<div class=\"vc_single_image-wrapper   vc_box_border_grey\"><img loading=\"lazy\" decoding=\"async\" width=\"600\" height=\"400\" src=\"http:\/\/globalme.com.br\/wp-content\/uploads\/2024\/04\/esportes-com-bola.jpg\" class=\"vc_single_image-img attachment-full\" alt=\"\" title=\"esportes com bola\" srcset=\"http:\/\/globalme.com.br\/wp-content\/uploads\/2024\/04\/esportes-com-bola.jpg 600w, http:\/\/globalme.com.br\/wp-content\/uploads\/2024\/04\/esportes-com-bola-300x200.jpg 300w\" sizes=\"auto, (max-width: 600px) 100vw, 600px\" \/><\/div>\n\t\t<\/figure>\n\t<\/div>\n<\/div><\/div><\/div><div class=\"wpb_column vc_column_container vc_col-sm-9\"><div class=\"vc_column-inner\"><div class=\"wpb_wrapper\"><h5 style=\"color:#18a2c7;line-height:1.3;\" class=\"ztl-accent-font ztl-left ztl-font-normal\">Ball Sports<\/h5><div class=\"vc_empty_space\"   style=\"height: 10px\"><span class=\"vc_empty_space_inner\"><\/span><\/div>\n\t<div class=\"wpb_text_column wpb_content_element\" >\n\t\t<div class=\"wpb_wrapper\">\n\t\t\t<p>We use ball sports as a way to develop motor skills such as speed of reaction, dexterity, spatial orientation, agility, and global motor skills, and to encourage students to interact with each other.<\/p>\n\n\t\t<\/div>\n\t<\/div>\n<\/div><\/div><\/div><\/div><div class=\"vc_row wpb_row vc_row-fluid vc_custom_1714478037801 vc_row-o-equal-height vc_row-o-content-middle vc_row-flex\"><div class=\"wpb_column vc_column_container vc_col-sm-3\"><div class=\"vc_column-inner\"><div class=\"wpb_wrapper\">\n\t<div  class=\"wpb_single_image wpb_content_element vc_align_left\">\n\t\t\n\t\t<figure class=\"wpb_wrapper vc_figure\">\n\t\t\t<div class=\"vc_single_image-wrapper   vc_box_border_grey\"><img loading=\"lazy\" decoding=\"async\" width=\"600\" height=\"400\" src=\"http:\/\/globalme.com.br\/wp-content\/uploads\/2024\/04\/esportes-de-areia.jpg\" class=\"vc_single_image-img attachment-full\" alt=\"\" title=\"esportes de areia\" srcset=\"http:\/\/globalme.com.br\/wp-content\/uploads\/2024\/04\/esportes-de-areia.jpg 600w, http:\/\/globalme.com.br\/wp-content\/uploads\/2024\/04\/esportes-de-areia-300x200.jpg 300w\" sizes=\"auto, (max-width: 600px) 100vw, 600px\" \/><\/div>\n\t\t<\/figure>\n\t<\/div>\n<\/div><\/div><\/div><div class=\"wpb_column vc_column_container vc_col-sm-9\"><div class=\"vc_column-inner\"><div class=\"wpb_wrapper\"><h5 style=\"color:#18a2c7;line-height:1.3;\" class=\"ztl-accent-font ztl-left ztl-font-normal\">Sand sports (Itaim)<\/h5><div class=\"vc_empty_space\"   style=\"height: 10px\"><span class=\"vc_empty_space_inner\"><\/span><\/div>\n\t<div class=\"wpb_text_column wpb_content_element\" >\n\t\t<div class=\"wpb_wrapper\">\n\t\t\t<p>At our Itaim location, we have a sand court which we use for sports such as beach volleyball and beach tennis, among others.<\/p>\n\n\t\t<\/div>\n\t<\/div>\n<\/div><\/div><\/div><\/div><div class=\"vc_row wpb_row vc_row-fluid vc_custom_1714478037801 vc_row-o-equal-height vc_row-o-content-middle vc_row-flex\"><div class=\"wpb_column vc_column_container vc_col-sm-3\"><div class=\"vc_column-inner\"><div class=\"wpb_wrapper\">\n\t<div  class=\"wpb_single_image wpb_content_element vc_align_left\">\n\t\t\n\t\t<figure class=\"wpb_wrapper vc_figure\">\n\t\t\t<div class=\"vc_single_image-wrapper   vc_box_border_grey\"><img loading=\"lazy\" decoding=\"async\" width=\"800\" height=\"534\" src=\"http:\/\/globalme.com.br\/wp-content\/uploads\/2024\/04\/IMG_7419-1.jpg\" class=\"vc_single_image-img attachment-full\" alt=\"\" title=\"IMG_7419\" srcset=\"http:\/\/globalme.com.br\/wp-content\/uploads\/2024\/04\/IMG_7419-1.jpg 800w, http:\/\/globalme.com.br\/wp-content\/uploads\/2024\/04\/IMG_7419-1-300x200.jpg 300w, http:\/\/globalme.com.br\/wp-content\/uploads\/2024\/04\/IMG_7419-1-768x513.jpg 768w, http:\/\/globalme.com.br\/wp-content\/uploads\/2024\/04\/IMG_7419-1-600x401.jpg 600w\" sizes=\"auto, (max-width: 800px) 100vw, 800px\" \/><\/div>\n\t\t<\/figure>\n\t<\/div>\n<\/div><\/div><\/div><div class=\"wpb_column vc_column_container vc_col-sm-9\"><div class=\"vc_column-inner\"><div class=\"wpb_wrapper\"><h5 style=\"color:#18a2c7;line-height:1.3;\" class=\"ztl-accent-font ztl-left ztl-font-normal\">Circus  (Jardins)<\/h5><div class=\"vc_empty_space\"   style=\"height: 10px\"><span class=\"vc_empty_space_inner\"><\/span><\/div>\n\t<div class=\"wpb_text_column wpb_content_element\" >\n\t\t<div class=\"wpb_wrapper\">\n\t\t\t<p>During circus lessons, students work on several motor and interpretative skills that aid in the development of body expression and self-esteem. The activities challenge the children to deal with problem-situations that help in their motor and socio-affective skills.<br \/>\nAmong the circus lessons activities are clowning, simple juggling, trapeze, aerial dancing, human figures, and acro solo.<\/p>\n<p>Those activities improve tonic control and strengthen large muscle groups, promoting balance development and flexibility in addition to improving focus, posture, and laterality.<\/p>\n\n\t\t<\/div>\n\t<\/div>\n<\/div><\/div><\/div><\/div><div class=\"vc_row wpb_row vc_row-fluid vc_custom_1714478037801 vc_row-o-equal-height vc_row-o-content-middle vc_row-flex\"><div class=\"wpb_column vc_column_container vc_col-sm-3\"><div class=\"vc_column-inner\"><div class=\"wpb_wrapper\">\n\t<div  class=\"wpb_single_image wpb_content_element vc_align_left\">\n\t\t\n\t\t<figure class=\"wpb_wrapper vc_figure\">\n\t\t\t<div class=\"vc_single_image-wrapper   vc_box_border_grey\"><img loading=\"lazy\" decoding=\"async\" width=\"600\" height=\"400\" src=\"http:\/\/globalme.com.br\/wp-content\/uploads\/2024\/04\/capoeira.jpg\" class=\"vc_single_image-img attachment-full\" alt=\"\" title=\"capoeira\" srcset=\"http:\/\/globalme.com.br\/wp-content\/uploads\/2024\/04\/capoeira.jpg 600w, http:\/\/globalme.com.br\/wp-content\/uploads\/2024\/04\/capoeira-300x200.jpg 300w\" sizes=\"auto, (max-width: 600px) 100vw, 600px\" \/><\/div>\n\t\t<\/figure>\n\t<\/div>\n<\/div><\/div><\/div><div class=\"wpb_column vc_column_container vc_col-sm-9\"><div class=\"vc_column-inner\"><div class=\"wpb_wrapper\"><h5 style=\"color:#18a2c7;line-height:1.3;\" class=\"ztl-accent-font ztl-left ztl-font-normal\">Capoeira<\/h5><div class=\"vc_empty_space\"   style=\"height: 10px\"><span class=\"vc_empty_space_inner\"><\/span><\/div>\n\t<div class=\"wpb_text_column wpb_content_element\" >\n\t\t<div class=\"wpb_wrapper\">\n\t\t\t<p>Capoeira stimulates socio-affective, cognitive, and motor skills, and improves cardiovascular, respiratory, and musculoskeletal fitness. During the lessons, students can learn about the history of Brazil and the native folklore of each region since folk tales and theater are the teaching tools for the skills required for capoeira.<\/p>\n<p>This is the only sport that allows the harmonious integration of music, singing, dancing, and acrobatics. Capoeira is based on the principles of living in a society and respecting one another. Due to their cultural aspect, these lessons are taught in Portuguese.<\/p>\n\n\t\t<\/div>\n\t<\/div>\n<\/div><\/div><\/div><\/div><div class=\"vc_row wpb_row vc_row-fluid vc_custom_1714478037801 vc_row-o-equal-height vc_row-o-content-middle vc_row-flex\"><div class=\"wpb_column vc_column_container vc_col-sm-3\"><div class=\"vc_column-inner\"><div class=\"wpb_wrapper\">\n\t<div  class=\"wpb_single_image wpb_content_element vc_align_left\">\n\t\t\n\t\t<figure class=\"wpb_wrapper vc_figure\">\n\t\t\t<div class=\"vc_single_image-wrapper   vc_box_border_grey\"><img loading=\"lazy\" decoding=\"async\" width=\"600\" height=\"400\" src=\"http:\/\/globalme.com.br\/wp-content\/uploads\/2024\/04\/mindfullness.jpg\" class=\"vc_single_image-img attachment-full\" alt=\"\" title=\"mindfullness\" srcset=\"http:\/\/globalme.com.br\/wp-content\/uploads\/2024\/04\/mindfullness.jpg 600w, http:\/\/globalme.com.br\/wp-content\/uploads\/2024\/04\/mindfullness-300x200.jpg 300w\" sizes=\"auto, (max-width: 600px) 100vw, 600px\" \/><\/div>\n\t\t<\/figure>\n\t<\/div>\n<\/div><\/div><\/div><div class=\"wpb_column vc_column_container vc_col-sm-9\"><div class=\"vc_column-inner\"><div class=\"wpb_wrapper\"><h5 style=\"color:#18a2c7;line-height:1.3;\" class=\"ztl-accent-font ztl-left ztl-font-normal\">Mindfulness<\/h5><div class=\"vc_empty_space\"   style=\"height: 10px\"><span class=\"vc_empty_space_inner\"><\/span><\/div>\n\t<div class=\"wpb_text_column wpb_content_element\" >\n\t\t<div class=\"wpb_wrapper\">\n\t\t\t<p>Practicing mindfulness during childhood has several benefits, including improving focus and attention and developing a better emotional balance. Moreover, once children are more aware of their own thoughts and feelings, they can better understand the feelings of others, thus becoming more compassionate and empathetic. At Global Me, mindfulness moments happen in partnership with MindKids.<\/p>\n\n\t\t<\/div>\n\t<\/div>\n<\/div><\/div><\/div><\/div><div class=\"vc_row wpb_row vc_row-fluid vc_custom_1714478037801 vc_row-o-equal-height vc_row-o-content-middle vc_row-flex\"><div class=\"wpb_column vc_column_container vc_col-sm-3\"><div class=\"vc_column-inner\"><div class=\"wpb_wrapper\">\n\t<div  class=\"wpb_single_image wpb_content_element vc_align_left\">\n\t\t\n\t\t<figure class=\"wpb_wrapper vc_figure\">\n\t\t\t<div class=\"vc_single_image-wrapper   vc_box_border_grey\"><img loading=\"lazy\" decoding=\"async\" width=\"600\" height=\"400\" src=\"http:\/\/globalme.com.br\/wp-content\/uploads\/2024\/04\/espaco-maker.jpg\" class=\"vc_single_image-img attachment-full\" alt=\"\" title=\"espa\u00e7o maker\" srcset=\"http:\/\/globalme.com.br\/wp-content\/uploads\/2024\/04\/espaco-maker.jpg 600w, http:\/\/globalme.com.br\/wp-content\/uploads\/2024\/04\/espaco-maker-300x200.jpg 300w\" sizes=\"auto, (max-width: 600px) 100vw, 600px\" \/><\/div>\n\t\t<\/figure>\n\t<\/div>\n<\/div><\/div><\/div><div class=\"wpb_column vc_column_container vc_col-sm-9\"><div class=\"vc_column-inner\"><div class=\"wpb_wrapper\"><h5 style=\"color:#18a2c7;line-height:1.3;\" class=\"ztl-accent-font ztl-left ztl-font-normal\">Makerspace<\/h5><div class=\"vc_empty_space\"   style=\"height: 10px\"><span class=\"vc_empty_space_inner\"><\/span><\/div>\n\t<div class=\"wpb_text_column wpb_content_element\" >\n\t\t<div class=\"wpb_wrapper\">\n\t\t\t<p>Mundo Maker is another Global Me partner and organizes creative workshops in our makerspace. These workshops are a curricular activity for G5 students.<\/p>\n\n\t\t<\/div>\n\t<\/div>\n<\/div><\/div><\/div><\/div><div class=\"vc_row wpb_row vc_row-fluid vc_custom_1714478037801 vc_row-o-equal-height vc_row-o-content-middle vc_row-flex\"><div class=\"wpb_column vc_column_container vc_col-sm-3\"><div class=\"vc_column-inner\"><div class=\"wpb_wrapper\">\n\t<div  class=\"wpb_single_image wpb_content_element vc_align_left\">\n\t\t\n\t\t<figure class=\"wpb_wrapper vc_figure\">\n\t\t\t<div class=\"vc_single_image-wrapper   vc_box_border_grey\"><img loading=\"lazy\" decoding=\"async\" width=\"600\" height=\"400\" src=\"http:\/\/globalme.com.br\/wp-content\/uploads\/2024\/04\/musica-e-teatro.jpg\" class=\"vc_single_image-img attachment-full\" alt=\"\" title=\"musica e teatro\" srcset=\"http:\/\/globalme.com.br\/wp-content\/uploads\/2024\/04\/musica-e-teatro.jpg 600w, http:\/\/globalme.com.br\/wp-content\/uploads\/2024\/04\/musica-e-teatro-300x200.jpg 300w\" sizes=\"auto, (max-width: 600px) 100vw, 600px\" \/><\/div>\n\t\t<\/figure>\n\t<\/div>\n<\/div><\/div><\/div><div class=\"wpb_column vc_column_container vc_col-sm-9\"><div class=\"vc_column-inner\"><div class=\"wpb_wrapper\"><h5 style=\"color:#18a2c7;line-height:1.3;\" class=\"ztl-accent-font ztl-left ztl-font-normal\">Music and Theater<\/h5><div class=\"vc_empty_space\"   style=\"height: 10px\"><span class=\"vc_empty_space_inner\"><\/span><\/div>\n\t<div class=\"wpb_text_column wpb_content_element\" >\n\t\t<div class=\"wpb_wrapper\">\n\t\t\t<p>In early childhood, music contributes to socio-affective, psychomotor, and linguistic development by helping the mind and the body work together. Many studies show the benefits of using music in early childhood education, including its effect on both sides of the brain: the right side, which is related to creativity and emotions, and the left side, related to language and logic.<\/p>\n<p>Similarly, performing arts are crucial to develop emotional and verbal expression and body language in early childhood. The children learn a lot about themselves and acquire important skills related to their social relationships and their recognition as future global citizens.  During drama classes at Global Me, we stimulate the students\u2019 creativity and autonomy in a fun and joyful way. But there\u2019s more: the lessons further stimulate reading and memorizing and enrich our little artists\u2019 cultural repertoire.<\/p>\n\n\t\t<\/div>\n\t<\/div>\n<\/div><\/div><\/div><\/div><div class=\"vc_row wpb_row vc_row-fluid\"><div class=\"wpb_column vc_column_container vc_col-sm-12\"><div class=\"vc_column-inner\"><div class=\"wpb_wrapper\"><div class=\"vc_btn3-container vc_btn3-inline\" ><a style=\"background-color:#1c458d; color:#ffffff;\" class=\"vc_general vc_btn3 vc_btn3-size-md vc_btn3-shape-rounded vc_btn3-style-custom\" href=\"http:\/\/globalme.com.br\/en\/informacoes-gerais-e-duvidas\/\" title=\"\">Learn More<\/a><\/div><\/div><\/div><\/div><\/div>\n<\/section>","protected":false},"excerpt":{"rendered":"Uma educa\u00e7\u00e3o global \u00e9 aquela que explora todo o potencial da crian\u00e7a. Mente, corpo e emocional precisam ser igualmente contemplados. Uma crian\u00e7a consciente do seu corpo e das suas capacidades motoras tem maior autoestima e interage melhor com o ambiente ao seu redor. \u00c9 por isso que na Global Me o esporte n\u00e3o \u00e9 s\u00f3 [...]","protected":false},"author":1,"featured_media":0,"parent":0,"menu_order":0,"comment_status":"closed","ping_status":"open","template":"","meta":{"footnotes":""},"class_list":["post-5355","page","type-page","status-publish","hentry"],"_links":{"self":[{"href":"http:\/\/globalme.com.br\/en\/wp-json\/wp\/v2\/pages\/5355","targetHints":{"allow":["GET"]}}],"collection":[{"href":"http:\/\/globalme.com.br\/en\/wp-json\/wp\/v2\/pages"}],"about":[{"href":"http:\/\/globalme.com.br\/en\/wp-json\/wp\/v2\/types\/page"}],"author":[{"embeddable":true,"href":"http:\/\/globalme.com.br\/en\/wp-json\/wp\/v2\/users\/1"}],"replies":[{"embeddable":true,"href":"http:\/\/globalme.com.br\/en\/wp-json\/wp\/v2\/comments?post=5355"}],"version-history":[{"count":39,"href":"http:\/\/globalme.com.br\/en\/wp-json\/wp\/v2\/pages\/5355\/revisions"}],"predecessor-version":[{"id":6065,"href":"http:\/\/globalme.com.br\/en\/wp-json\/wp\/v2\/pages\/5355\/revisions\/6065"}],"wp:attachment":[{"href":"http:\/\/globalme.com.br\/en\/wp-json\/wp\/v2\/media?parent=5355"}],"curies":[{"name":"wp","href":"https:\/\/api.w.org\/{rel}","templated":true}]}}