{"id":5347,"date":"2024-01-29T10:33:27","date_gmt":"2024-01-29T13:33:27","guid":{"rendered":"http:\/\/globalme.com.br\/?page_id=5347"},"modified":"2025-01-30T10:52:59","modified_gmt":"2025-01-30T13:52:59","slug":"uma-educacao-global","status":"publish","type":"page","link":"http:\/\/globalme.com.br\/en\/uma-educacao-global\/","title":{"rendered":"A Global Education"},"content":{"rendered":"<section class=\"wpb-content-wrapper\"><div class=\"vc_row wpb_row vc_row-fluid\"><div class=\"wpb_column vc_column_container vc_col-sm-12\"><div class=\"vc_column-inner\"><div class=\"wpb_wrapper\">\n\t<div class=\"wpb_text_column wpb_content_element\" >\n\t\t<div class=\"wpb_wrapper\">\n\t\t\t<p><strong>A GLOBAL EDUCATION <\/strong>&#8211; <strong>Every child has the whole world inside themselves<br \/>\n<\/strong><\/p>\n<p>Global Me is based on the social constructivism ideals of Piaget, Vygotsky, and the Reggio Emilia approach developed by Loris Malaguzzi. We see children as the protagonists of their own learning process. Teachers, classmates, and school facilities play a pivotal role in this process. Our partnership with the families of the students is also crucial for us to meet our goals when it comes to preparing a child to be a global individual. Every child has a whole world inside themselves and that is the potential we want to bring out of every one of our students.<\/p>\n<p>Our teaching approach for global education is focused on four main axes that encompass the students\u2019 education. The goal is to explore all of the child\u2019s potential, taking careful and precise steps so they can develop a taste for life and knowledge.<\/p>\n\n\t\t<\/div>\n\t<\/div>\n<\/div><\/div><\/div><\/div><div data-vc-full-width=\"true\" data-vc-full-width-init=\"false\" class=\"vc_row wpb_row vc_row-fluid ztl-background-one\"><div class=\"wpb_column vc_column_container vc_col-sm-12\"><div class=\"vc_column-inner\"><div class=\"wpb_wrapper\"><div class=\"ztl-steps-carousel titulo_numeros\">\n                <div class=\"owl-steps-list\" id=\"steps_69f5dc912c38c\">\n                   <div class=\"item-step\"> <div class=\"number-step\" style=\"background-color:#1c458d; color:#ffffff\">1<\/div><h3 class=\"title\"> Learning to learn <\/h3><div class=\"desc\">In a global world, knowledge goes beyond the walls of the classroom. It is everywhere: on the roads, the virtual world, books, conversations, the media, etc.<\/p>\n<p>It is as vital to learn outside the classroom as it is to learn inside it \u2013 learn to learn, to debate, to dialogue, to share knowledge. At Global Me, our students learn to develop group activities by collaborating with their classmates and creating a sense of community. That way, they will learn to build relationships with people who are different than they are and have different opinions than theirs by respecting everyone\u2019s right to equality.<\/div> <\/div><div class=\"item-step\"> <div class=\"number-step\" style=\"background-color:#ee5756; color:#ffffff\">2<\/div><h3 class=\"title\"> Learning to do <\/h3><div class=\"desc\">In the global world there are no formulas anymore. More than learning which way to go, we must create our own path. The contemporary world is not a world of rules \u2013 it is a world of creativity.<\/p>\n<p>That\u2019s why at Global Me, stimulating creativity is a priority. Our students learn to get their hands dirty in art and cooking projects and learn to work with the technology world in our makerspace. We also believe that interacting with nature enriches the development of creativity in our students.<\/div> <\/div>\n                <\/div>\n            <\/div>\n        <script type=\"text\/javascript\">\n        (function($) { \"use strict\";\n\n\n         var steps_no = 0;\n         var steps_id = \"steps_69f5dc912c38c\";\n         var loop_items = \"\";\n         var navigation_items = \"1\";\n         var autoplay_items = \"\";\n         var autoplay_items_timeout = \"0\";\n         var breakpoints;\n\n\n          \/\/call && document ready\n          $(function() {\n            \/\/ determine steps no\n            steps_no = $(\"#\" + steps_id +\" .item-step\").length;\n            \/\/ set responsive behavior\n\n            switch(steps_no){\n                case 3:\n                    breakpoints = { 0:{ items:1 }, 480:{ items:2 }, 768:{ items:3 } };\n                    break;\n                case 2:\n                    breakpoints = { 0:{ items:1 }, 480:{ items:2 } };\n                    break;\n                case 1:\n                    breakpoints = { 0:{ items:1 } };\n                    break;\n\n                default:\n                    breakpoints = { 0:{ items:1 }, 480:{ items:2 }, 768:{ items:3 }, 1000:{ items:4 } }\n             }\n\n\n\n            $(\"#\" + steps_id).owlCarousel({\n                loop:loop_items,\n                nav:navigation_items,\n                autoplay:autoplay_items,\n                autoplayTimeout:autoplay_items_timeout,\n                responsive:breakpoints\n            });\n          });\n\n        })(jQuery);\n        <\/script>\n  <div class=\"vc_empty_space\"   style=\"height: 60px\"><span class=\"vc_empty_space_inner\"><\/span><\/div><div class=\"ztl-steps-carousel titulo_numeros\">\n                <div class=\"owl-steps-list\" id=\"steps_69f5dc912c4d4\">\n                   <div class=\"item-step\"> <div class=\"number-step\" style=\"background-color:#adcb65; color:#ffffff\">3<\/div><h3 class=\"title\"> Learning to live <\/h3><div class=\"desc\">Global Me has an academic approach that is based on independence. However, being independent does not mean being individualistic or impulsive. Integration and interaction among our students in an important axis at our school.<\/p>\n<p>Global Me believes in dialogue, be it verbal or non-verbal. We create an environment of mutual respect and reflection that promotes trust and self-esteem in our students. We propose discussions with our students so they can think on their behavior and find out, on their own, what is right and what is wrong. Students are encouraged to solve conflicts and show affection without fear or shame.<\/div> <\/div><div class=\"item-step\"> <div class=\"number-step\" style=\"background-color:#f9b715; color:#ffffff\">4<\/div><h3 class=\"title\"> Learning to be <\/h3><div class=\"desc\">Every student is different and their differences cannot be erased \u2013 they have to be understood and respected. We want everyone to feel free and motivated to discover their own interests, talents, and aptitudes from an early age.<\/p>\n<p>That is why we work with cultural investigation projects and put mindfulness into practice in the day-to-day of the school. This allows our students to learn and be present in the moment, to pay full attention to their activities and understand and manage their emotions. In a connected world that demands our attention, this is very necessary.<\/div> <\/div>\n                <\/div>\n            <\/div>\n        <script type=\"text\/javascript\">\n        (function($) { \"use strict\";\n\n\n         var steps_no = 0;\n         var steps_id = \"steps_69f5dc912c4d4\";\n         var loop_items = \"\";\n         var navigation_items = \"1\";\n         var autoplay_items = \"\";\n         var autoplay_items_timeout = \"0\";\n         var breakpoints;\n\n\n          \/\/call && document ready\n          $(function() {\n            \/\/ determine steps no\n            steps_no = $(\"#\" + steps_id +\" .item-step\").length;\n            \/\/ set responsive behavior\n\n            switch(steps_no){\n                case 3:\n                    breakpoints = { 0:{ items:1 }, 480:{ items:2 }, 768:{ items:3 } };\n                    break;\n                case 2:\n                    breakpoints = { 0:{ items:1 }, 480:{ items:2 } };\n                    break;\n                case 1:\n                    breakpoints = { 0:{ items:1 } };\n                    break;\n\n                default:\n                    breakpoints = { 0:{ items:1 }, 480:{ items:2 }, 768:{ items:3 }, 1000:{ items:4 } }\n             }\n\n\n\n            $(\"#\" + steps_id).owlCarousel({\n                loop:loop_items,\n                nav:navigation_items,\n                autoplay:autoplay_items,\n                autoplayTimeout:autoplay_items_timeout,\n                responsive:breakpoints\n            });\n          });\n\n        })(jQuery);\n        <\/script>\n  <div class=\"vc_empty_space\"   style=\"height: 60px\"><span class=\"vc_empty_space_inner\"><\/span><\/div><\/div><\/div><\/div><\/div><div class=\"vc_row-full-width vc_clearfix\"><\/div><div class=\"vc_row wpb_row vc_row-fluid\"><div class=\"wpb_column vc_column_container vc_col-sm-12\"><div class=\"vc_column-inner\"><div class=\"wpb_wrapper\"><div class=\"vc_btn3-container vc_btn3-inline\" ><a style=\"background-color:#1c458d; color:#ffffff;\" class=\"vc_general vc_btn3 vc_btn3-size-md vc_btn3-shape-rounded vc_btn3-style-custom\" href=\"http:\/\/globalme.com.br\/en\/informacoes-gerais-e-duvidas\/\" title=\"\">Learn More<\/a><\/div><\/div><\/div><\/div><\/div>\n<\/section>","protected":false},"excerpt":{"rendered":"A GLOBAL EDUCATION - Every child has the whole world inside themselves A Global Me \u00e9 uma escola socioconstrutivista, baseada nas ideias de Piaget, Vygotsky e Loris Malaguzzi (Reggio Emilia). Entendemos que as crian\u00e7as s\u00e3o protagonistas do seu pr\u00f3prio processo de aprendizagem. Os professores, colegas e espa\u00e7os escolares t\u00eam um papel fundamental neste processo. A [...]","protected":false},"author":1,"featured_media":0,"parent":0,"menu_order":0,"comment_status":"closed","ping_status":"open","template":"","meta":{"footnotes":""},"class_list":["post-5347","page","type-page","status-publish","hentry"],"_links":{"self":[{"href":"http:\/\/globalme.com.br\/en\/wp-json\/wp\/v2\/pages\/5347","targetHints":{"allow":["GET"]}}],"collection":[{"href":"http:\/\/globalme.com.br\/en\/wp-json\/wp\/v2\/pages"}],"about":[{"href":"http:\/\/globalme.com.br\/en\/wp-json\/wp\/v2\/types\/page"}],"author":[{"embeddable":true,"href":"http:\/\/globalme.com.br\/en\/wp-json\/wp\/v2\/users\/1"}],"replies":[{"embeddable":true,"href":"http:\/\/globalme.com.br\/en\/wp-json\/wp\/v2\/comments?post=5347"}],"version-history":[{"count":13,"href":"http:\/\/globalme.com.br\/en\/wp-json\/wp\/v2\/pages\/5347\/revisions"}],"predecessor-version":[{"id":6082,"href":"http:\/\/globalme.com.br\/en\/wp-json\/wp\/v2\/pages\/5347\/revisions\/6082"}],"wp:attachment":[{"href":"http:\/\/globalme.com.br\/en\/wp-json\/wp\/v2\/media?parent=5347"}],"curies":[{"name":"wp","href":"https:\/\/api.w.org\/{rel}","templated":true}]}}