{"id":5341,"date":"2024-01-29T10:26:37","date_gmt":"2024-01-29T13:26:37","guid":{"rendered":"http:\/\/globalme.com.br\/?page_id=5341"},"modified":"2024-04-30T08:37:07","modified_gmt":"2024-04-30T11:37:07","slug":"uma-crianca-global","status":"publish","type":"page","link":"http:\/\/globalme.com.br\/en\/uma-crianca-global\/","title":{"rendered":"A Global Child"},"content":{"rendered":"<section class=\"wpb-content-wrapper\"><div class=\"vc_row wpb_row vc_row-fluid\"><div class=\"wpb_column vc_column_container vc_col-sm-6\"><div class=\"vc_column-inner vc_custom_1714477025331\"><div class=\"wpb_wrapper\">\n\t<div class=\"wpb_raw_code wpb_content_element wpb_raw_html\" >\n\t\t<div class=\"wpb_wrapper\">\n\t\t\t<style id=\"wp_carousel_dynamic_css5729\">#sp-wp-carousel-free-id-5729.sp-wpcp-5729 .wpcp-single-item {border: 0px solid #dddddd;}#sp-wp-carousel-free-id-5729.sp-wpcp-5729 .wpcp-swiper-dots .swiper-pagination-bullet {background-color: #cccccc;}#sp-wp-carousel-free-id-5729.sp-wpcp-5729 .wpcp-swiper-dots .swiper-pagination-bullet.swiper-pagination-bullet-active {background-color: #178087;} #sp-wp-carousel-free-id-5729.sp-wpcp-5729.wpcp-image-carousel .wpcp-single-item:hover img, #sp-wp-carousel-free-id-5729.sp-wpcp-5729.wpcp-post-carousel .wpcp-single-item:hover img, #sp-wp-carousel-free-id-5729.sp-wpcp-5729.wpcp-product-carousel .wpcp-single-item:hover img{-webkit-transform: scale(1.2);-moz-transform: scale(1.2);transform: scale(1.2);}#sp-wp-carousel-free-id-5729.nav-vertical-center {padding: 0;margin:0;}#sp-wp-carousel-free-id-5729 .wpcpro-row>[class*=\"wpcpro-col-\"] { padding: 0 0px; padding-bottom: 0px;}@media (min-width: 480px) { .wpcpro-row .wpcpro-col-sm-1 { flex: 0 0 100%; max-width: 100%; } .wpcpro-row .wpcpro-col-sm-2 { flex: 0 0 50%; max-width: 50%; } .wpcpro-row .wpcpro-col-sm-2-5 { flex: 0 0 75%; max-width: 75%; } .wpcpro-row .wpcpro-col-sm-3 { flex: 0 0 33.333%; max-width: 33.333%; } .wpcpro-row .wpcpro-col-sm-4 { flex: 0 0 25%; max-width: 25%; } .wpcpro-row .wpcpro-col-sm-5 { flex: 0 0 20%; max-width: 20%; } .wpcpro-row .wpcpro-col-sm-6 { flex: 0 0 16.66666666666667%; max-width: 16.66666666666667%; } .wpcpro-row .wpcpro-col-sm-7 { flex: 0 0 14.28571428%; max-width: 14.28571428%; } .wpcpro-row .wpcpro-col-sm-8 { flex: 0 0 12.5%; max-width: 12.5%; } } @media (max-width: 480px) { .wpcpro-row .wpcpro-col-xs-1 { flex: 0 0 100%; max-width: 100%; } .wpcpro-row .wpcpro-col-xs-2 { flex: 0 0 50%; max-width: 50%; } .wpcpro-row .wpcpro-col-xs-3 { flex: 0 0 33.222%; max-width: 33.222%; } .wpcpro-row .wpcpro-col-xs-4 { flex: 0 0 25%; max-width: 25%; } .wpcpro-row .wpcpro-col-xs-5 { flex: 0 0 20%; max-width: 20%; } .wpcpro-row .wpcpro-col-xs-6 { flex: 0 0 16.6667%; max-width: 16.6667%; } .wpcpro-row .wpcpro-col-xs-7 { flex: 0 0 14.28571428%; max-width: 14.28571428%; } .wpcpro-row .wpcpro-col-xs-8 { flex: 0 0 12.5%; max-width: 12.5%; } } @media (min-width: 736px) { .wpcpro-row .wpcpro-col-md-1 { flex: 0 0 100%; max-width: 100%; } .wpcpro-row .wpcpro-col-md-2 { flex: 0 0 50%; max-width: 50%; } .wpcpro-row .wpcpro-col-md-2-5 { flex: 0 0 75%; max-width: 75%; } .wpcpro-row .wpcpro-col-md-3 { flex: 0 0 33.333%; max-width: 33.333%; } .wpcpro-row .wpcpro-col-md-4 { flex: 0 0 25%; max-width: 25%; } .wpcpro-row .wpcpro-col-md-5 { flex: 0 0 20%; max-width: 20%; } .wpcpro-row .wpcpro-col-md-6 { flex: 0 0 16.66666666666667%; max-width: 16.66666666666667%; } .wpcpro-row .wpcpro-col-md-7 { flex: 0 0 14.28571428%; max-width: 14.28571428%; } .wpcpro-row .wpcpro-col-md-8 { flex: 0 0 12.5%; max-width: 12.5%; } } @media (min-width: 980px) { .wpcpro-row .wpcpro-col-lg-1 { flex: 0 0 100%; max-width: 100%; } .wpcpro-row .wpcpro-col-lg-2 { flex: 0 0 50%; max-width: 50%; } .wpcpro-row .wpcpro-col-lg-3 { flex: 0 0 33.222%; max-width: 33.222%; } .wpcpro-row .wpcpro-col-lg-4 { flex: 0 0 25%; max-width: 25%; } .wpcpro-row .wpcpro-col-lg-5 { flex: 0 0 20%; max-width: 20%; } .wpcpro-row .wpcpro-col-lg-6 { flex: 0 0 16.6667%; max-width: 16.6667%; } .wpcpro-row .wpcpro-col-lg-7 { flex: 0 0 14.28571428%; max-width: 14.28571428%; } .wpcpro-row .wpcpro-col-lg-8 { flex: 0 0 12.5%; max-width: 12.5%; } } @media (min-width: 1200px) { .wpcpro-row .wpcpro-col-xl-1 { flex: 0 0 100%; max-width: 100%; } .wpcpro-row .wpcpro-col-xl-2 { flex: 0 0 50%; max-width: 50%; } .wpcpro-row .wpcpro-col-xl-3 { flex: 0 0 33.22222222%; max-width: 33.22222222%; } .wpcpro-row .wpcpro-col-xl-4 { flex: 0 0 25%; max-width: 25%; } .wpcpro-row .wpcpro-col-xl-5 { flex: 0 0 20%; max-width: 20%; } .wpcpro-row .wpcpro-col-xl-6 { flex: 0 0 16.66667%; max-width: 16.66667%; } .wpcpro-row .wpcpro-col-xl-7 { flex: 0 0 14.28571428%; max-width: 14.28571428%; } .wpcpro-row .wpcpro-col-xl-8 { flex: 0 0 12.5%; max-width: 12.5%; } }<\/style><div class=\"wpcp-carousel-wrapper wpcp-wrapper-5729\">\n\t<div id=\"wpcp-preloader-5729\" class=\"wpcp-carousel-preloader\"><img decoding=\"async\" src=\"http:\/\/globalme.com.br\/wp-content\/plugins\/wp-carousel-free\/public\/css\/spinner.svg\" alt=\"Preloader Image\" \/><\/div>\t<div class=\"wpcp-carousel-content-wrapper\">\n\t<div id=\"sp-wp-carousel-free-id-5729\" class=\"wpcp-carousel-section sp-wpcp-5729  nav-vertical-center wpcp-image-carousel wpcp-preloader wpcp-standard\" data-swiper='{ \"accessibility\":true, \"spaceBetween\":0, \"arrows\":false, \"freeMode\": false, \"autoplay\":true, \"autoplaySpeed\":3000, \"dots\":true, \"infinite\":true, \"speed\":600, \"pauseOnHover\":true,\t\t\t\"slidesToShow\":{\"lg_desktop\":1, \"desktop\": 1, \"laptop\": 1, \"tablet\": 1, \"mobile\": 1}, \"responsive\":{\"desktop\":1200, \"laptop\": 980, \"tablet\": 736, \"mobile\": 480}, \"rtl\":false, \"lazyLoad\": \"false\", \"swipe\": true, \"draggable\": true, \"swipeToSlide\":false }'   dir=\"ltr\">\n\t\t<div class=\"swiper-wrapper\">\n\t\t<div class=\"swiper-slide\">\n\t<div class=\"wpcp-single-item\">\n\t\t\t<a class=\"wcp-light-box\" data-buttons='[\"close\"]' data-wpc_url='http:\/\/globalme.com.br\/wp-content\/uploads\/2024\/04\/IMG_2085.jpg' href=\"http:\/\/globalme.com.br\/wp-content\/uploads\/2024\/04\/IMG_2085.jpg\" data-fancybox=\"wpcp_view\">\n\t\t<figure>\n\t\t\t<img loading=\"lazy\" decoding=\"async\" class=\"skip-lazy\" src=\"http:\/\/globalme.com.br\/wp-content\/uploads\/2024\/04\/IMG_2085.jpg\" alt=\"IMG_2085\" width=\"900\" height=\"601\">\t\t<\/figure>\n\t<\/a>\n\t\t<\/div>\n<\/div>\n\t<div class=\"swiper-slide\">\n\t<div class=\"wpcp-single-item\">\n\t\t\t<a class=\"wcp-light-box\" data-buttons='[\"close\"]' data-wpc_url='http:\/\/globalme.com.br\/wp-content\/uploads\/2024\/04\/IMG_3189-2.jpg' href=\"http:\/\/globalme.com.br\/wp-content\/uploads\/2024\/04\/IMG_3189-2.jpg\" data-fancybox=\"wpcp_view\">\n\t\t<figure>\n\t\t\t<img loading=\"lazy\" decoding=\"async\" class=\"skip-lazy\" src=\"http:\/\/globalme.com.br\/wp-content\/uploads\/2024\/04\/IMG_3189-2.jpg\" alt=\"IMG_3189\" width=\"900\" height=\"601\">\t\t<\/figure>\n\t<\/a>\n\t\t<\/div>\n<\/div>\n\t<div class=\"swiper-slide\">\n\t<div class=\"wpcp-single-item\">\n\t\t\t<a class=\"wcp-light-box\" data-buttons='[\"close\"]' data-wpc_url='http:\/\/globalme.com.br\/wp-content\/uploads\/2024\/04\/IMG_3569.jpg' href=\"http:\/\/globalme.com.br\/wp-content\/uploads\/2024\/04\/IMG_3569.jpg\" data-fancybox=\"wpcp_view\">\n\t\t<figure>\n\t\t\t<img loading=\"lazy\" decoding=\"async\" class=\"skip-lazy\" src=\"http:\/\/globalme.com.br\/wp-content\/uploads\/2024\/04\/IMG_3569.jpg\" alt=\"IMG_3569\" width=\"900\" height=\"601\">\t\t<\/figure>\n\t<\/a>\n\t\t<\/div>\n<\/div>\n\t<div class=\"swiper-slide\">\n\t<div class=\"wpcp-single-item\">\n\t\t\t<a class=\"wcp-light-box\" data-buttons='[\"close\"]' data-wpc_url='http:\/\/globalme.com.br\/wp-content\/uploads\/2024\/04\/IMG_3599.jpg' href=\"http:\/\/globalme.com.br\/wp-content\/uploads\/2024\/04\/IMG_3599.jpg\" data-fancybox=\"wpcp_view\">\n\t\t<figure>\n\t\t\t<img loading=\"lazy\" decoding=\"async\" class=\"skip-lazy\" src=\"http:\/\/globalme.com.br\/wp-content\/uploads\/2024\/04\/IMG_3599.jpg\" alt=\"IMG_3599\" width=\"900\" height=\"601\">\t\t<\/figure>\n\t<\/a>\n\t\t<\/div>\n<\/div>\n\t<div class=\"swiper-slide\">\n\t<div class=\"wpcp-single-item\">\n\t\t\t<a class=\"wcp-light-box\" data-buttons='[\"close\"]' data-wpc_url='http:\/\/globalme.com.br\/wp-content\/uploads\/2024\/04\/IMG_4830.jpg' href=\"http:\/\/globalme.com.br\/wp-content\/uploads\/2024\/04\/IMG_4830.jpg\" data-fancybox=\"wpcp_view\">\n\t\t<figure>\n\t\t\t<img loading=\"lazy\" decoding=\"async\" class=\"skip-lazy\" src=\"http:\/\/globalme.com.br\/wp-content\/uploads\/2024\/04\/IMG_4830.jpg\" alt=\"IMG_4830\" width=\"900\" height=\"601\">\t\t<\/figure>\n\t<\/a>\n\t\t<\/div>\n<\/div>\n\t<div class=\"swiper-slide\">\n\t<div class=\"wpcp-single-item\">\n\t\t\t<a class=\"wcp-light-box\" data-buttons='[\"close\"]' data-wpc_url='http:\/\/globalme.com.br\/wp-content\/uploads\/2024\/04\/IMG_4845.jpg' href=\"http:\/\/globalme.com.br\/wp-content\/uploads\/2024\/04\/IMG_4845.jpg\" data-fancybox=\"wpcp_view\">\n\t\t<figure>\n\t\t\t<img loading=\"lazy\" decoding=\"async\" class=\"skip-lazy\" src=\"http:\/\/globalme.com.br\/wp-content\/uploads\/2024\/04\/IMG_4845.jpg\" alt=\"IMG_4845\" width=\"900\" height=\"601\">\t\t<\/figure>\n\t<\/a>\n\t\t<\/div>\n<\/div>\n\t<div class=\"swiper-slide\">\n\t<div class=\"wpcp-single-item\">\n\t\t\t<a class=\"wcp-light-box\" data-buttons='[\"close\"]' data-wpc_url='http:\/\/globalme.com.br\/wp-content\/uploads\/2024\/04\/IMG_6623.jpg' href=\"http:\/\/globalme.com.br\/wp-content\/uploads\/2024\/04\/IMG_6623.jpg\" data-fancybox=\"wpcp_view\">\n\t\t<figure>\n\t\t\t<img loading=\"lazy\" decoding=\"async\" class=\"skip-lazy\" src=\"http:\/\/globalme.com.br\/wp-content\/uploads\/2024\/04\/IMG_6623.jpg\" alt=\"IMG_6623\" width=\"900\" height=\"601\">\t\t<\/figure>\n\t<\/a>\n\t\t<\/div>\n<\/div>\n\t<div class=\"swiper-slide\">\n\t<div class=\"wpcp-single-item\">\n\t\t\t<a class=\"wcp-light-box\" data-buttons='[\"close\"]' data-wpc_url='http:\/\/globalme.com.br\/wp-content\/uploads\/2024\/04\/IMG_9419.jpg' href=\"http:\/\/globalme.com.br\/wp-content\/uploads\/2024\/04\/IMG_9419.jpg\" data-fancybox=\"wpcp_view\">\n\t\t<figure>\n\t\t\t<img loading=\"lazy\" decoding=\"async\" class=\"skip-lazy\" src=\"http:\/\/globalme.com.br\/wp-content\/uploads\/2024\/04\/IMG_9419.jpg\" alt=\"IMG_9419\" width=\"900\" height=\"601\">\t\t<\/figure>\n\t<\/a>\n\t\t<\/div>\n<\/div>\n\t\t\t<\/div>\n\t\t\t\t\t<div class=\"wpcp-swiper-dots swiper-pagination\"><\/div>\n\t\t\t\t<!-- If we need navigation buttons -->\n\t\t\t<\/div>\n\t<\/div>\n<\/div>\n\n\t\t<\/div>\n\t<\/div>\n<\/div><\/div><\/div><div class=\"wpb_column vc_column_container vc_col-sm-6\"><div class=\"vc_column-inner\"><div class=\"wpb_wrapper\">\n\t<div class=\"wpb_text_column wpb_content_element\" >\n\t\t<div class=\"wpb_wrapper\">\n\t\t\t<p class=\"translation-block\"><strong>THE GLOBAL CHILD<\/strong> \u2013 The First steps into a great new world<\/p>\n<p><strong>A global school with a global education to prepare global citizens. Welcome to Global Me<\/strong><\/p>\n<p>Today we live in a global world that requires us to be global too. To that end, we need to be fluent in a language that is understood anywhere. Here at Global Me, we offer bilingual education, and our students learn English through immersion. Bilingual children gain more than an important skill for their resumes in the future \u2013 they start, from a very young age, to exercise communication and dialogue-building which are essential to build a world with more justice.<\/p>\n<p>In this global world, there is endless knowledge, so we need to provide a school environment that offers endless learning possibilities. To be successful in this world, we must be curious, inquisitive, and resilient. Global Me gives children the tools they need to develop intellectual autonomy and emotional strength to explore the world in a search for knowledge.<\/p>\n\n\t\t<\/div>\n\t<\/div>\n<\/div><\/div><\/div><\/div><div class=\"vc_row wpb_row vc_row-fluid\"><div class=\"wpb_column vc_column_container vc_col-sm-12\"><div class=\"vc_column-inner\"><div class=\"wpb_wrapper\"><div class=\"vc_btn3-container vc_btn3-inline\" ><a style=\"background-color:#1c458d; color:#ffffff;\" class=\"vc_general vc_btn3 vc_btn3-size-md vc_btn3-shape-rounded vc_btn3-style-custom\" href=\"http:\/\/globalme.com.br\/en\/informacoes-gerais-e-duvidas\/\" title=\"\">Learn More<\/a><\/div><\/div><\/div><\/div><\/div>\n<\/section>","protected":false},"excerpt":{"rendered":"THE GLOBAL CHILD - The First steps into a great new world Uma escola global, com ensino global, capaz de formar cidad\u00e3os globais. Bem-vindo \u00e0 Global Me O mundo de hoje \u00e9 global e exige que n\u00f3s sejamos globais tamb\u00e9m. E, para conquistar isso, \u00e9 preciso falar uma l\u00edngua compreendida em qualquer lugar. Aqui na [...]","protected":false},"author":1,"featured_media":0,"parent":0,"menu_order":0,"comment_status":"closed","ping_status":"open","template":"","meta":{"footnotes":""},"class_list":["post-5341","page","type-page","status-publish","hentry"],"_links":{"self":[{"href":"http:\/\/globalme.com.br\/en\/wp-json\/wp\/v2\/pages\/5341","targetHints":{"allow":["GET"]}}],"collection":[{"href":"http:\/\/globalme.com.br\/en\/wp-json\/wp\/v2\/pages"}],"about":[{"href":"http:\/\/globalme.com.br\/en\/wp-json\/wp\/v2\/types\/page"}],"author":[{"embeddable":true,"href":"http:\/\/globalme.com.br\/en\/wp-json\/wp\/v2\/users\/1"}],"replies":[{"embeddable":true,"href":"http:\/\/globalme.com.br\/en\/wp-json\/wp\/v2\/comments?post=5341"}],"version-history":[{"count":9,"href":"http:\/\/globalme.com.br\/en\/wp-json\/wp\/v2\/pages\/5341\/revisions"}],"predecessor-version":[{"id":5930,"href":"http:\/\/globalme.com.br\/en\/wp-json\/wp\/v2\/pages\/5341\/revisions\/5930"}],"wp:attachment":[{"href":"http:\/\/globalme.com.br\/en\/wp-json\/wp\/v2\/media?parent=5341"}],"curies":[{"name":"wp","href":"https:\/\/api.w.org\/{rel}","templated":true}]}}