{"id":5333,"date":"2024-01-29T10:17:54","date_gmt":"2024-01-29T13:17:54","guid":{"rendered":"http:\/\/globalme.com.br\/?page_id=5333"},"modified":"2026-03-27T10:44:16","modified_gmt":"2026-03-27T13:44:16","slug":"equipe","status":"publish","type":"page","link":"http:\/\/globalme.com.br\/en\/equipe\/","title":{"rendered":"Meet the Team"},"content":{"rendered":"<section class=\"wpb-content-wrapper\"><div class=\"vc_row wpb_row vc_row-fluid\"><div class=\"wpb_column vc_column_container vc_col-sm-3\"><div class=\"vc_column-inner\"><div class=\"wpb_wrapper\">\n\t<div  class=\"wpb_single_image wpb_content_element vc_align_center\">\n\t\t\n\t\t<figure class=\"wpb_wrapper vc_figure\">\n\t\t\t<div class=\"vc_single_image-wrapper vc_box_border_circle  vc_box_border_grey\"><img loading=\"lazy\" decoding=\"async\" width=\"300\" height=\"300\" src=\"http:\/\/globalme.com.br\/wp-content\/uploads\/2024\/02\/WhatsApp-Image-2024-02-19-at-14.29.50-1.jpeg\" class=\"vc_single_image-img attachment-full\" alt=\"\" title=\"WhatsApp Image 2024-02-19 at 14.29.50\" srcset=\"http:\/\/globalme.com.br\/wp-content\/uploads\/2024\/02\/WhatsApp-Image-2024-02-19-at-14.29.50-1.jpeg 300w, http:\/\/globalme.com.br\/wp-content\/uploads\/2024\/02\/WhatsApp-Image-2024-02-19-at-14.29.50-1-150x150.jpeg 150w, http:\/\/globalme.com.br\/wp-content\/uploads\/2024\/02\/WhatsApp-Image-2024-02-19-at-14.29.50-1-100x100.jpeg 100w\" sizes=\"auto, (max-width: 300px) 100vw, 300px\" \/><\/div>\n\t\t<\/figure>\n\t<\/div>\n\n\t<div class=\"wpb_text_column wpb_content_element\" >\n\t\t<div class=\"wpb_wrapper\">\n\t\t\t<p style=\"text-align: center;\"><strong>RENATA SA FREIRE<\/strong><br \/>\nFounder and School Director<\/p>\n\n\t\t<\/div>\n\t<\/div>\n<\/div><\/div><\/div><div class=\"wpb_column vc_column_container vc_col-sm-3\"><div class=\"vc_column-inner\"><div class=\"wpb_wrapper\">\n\t<div  class=\"wpb_single_image wpb_content_element vc_align_center\">\n\t\t\n\t\t<figure class=\"wpb_wrapper vc_figure\">\n\t\t\t<div class=\"vc_single_image-wrapper vc_box_border_circle  vc_box_border_grey\"><img loading=\"lazy\" decoding=\"async\" width=\"300\" height=\"300\" src=\"http:\/\/globalme.com.br\/wp-content\/uploads\/2025\/01\/Tais-Romero.jpeg\" class=\"vc_single_image-img attachment-full\" alt=\"\" title=\"Tais Romero\" srcset=\"http:\/\/globalme.com.br\/wp-content\/uploads\/2025\/01\/Tais-Romero.jpeg 300w, http:\/\/globalme.com.br\/wp-content\/uploads\/2025\/01\/Tais-Romero-150x150.jpeg 150w, http:\/\/globalme.com.br\/wp-content\/uploads\/2025\/01\/Tais-Romero-100x100.jpeg 100w\" sizes=\"auto, (max-width: 300px) 100vw, 300px\" \/><\/div>\n\t\t<\/figure>\n\t<\/div>\n\n\t<div class=\"wpb_text_column wpb_content_element\" >\n\t\t<div class=\"wpb_wrapper\">\n\t\t\t<p style=\"text-align: center;\"><strong>TAIS ROMERO<\/strong><br \/>\nPedagogical Director<\/p>\n\n\t\t<\/div>\n\t<\/div>\n<\/div><\/div><\/div><div class=\"wpb_column vc_column_container vc_col-sm-3\"><div class=\"vc_column-inner\"><div class=\"wpb_wrapper\">\n\t<div  class=\"wpb_single_image wpb_content_element vc_align_center\">\n\t\t\n\t\t<figure class=\"wpb_wrapper vc_figure\">\n\t\t\t<div class=\"vc_single_image-wrapper vc_box_border_circle  vc_box_border_grey\"><img loading=\"lazy\" decoding=\"async\" width=\"300\" height=\"300\" src=\"http:\/\/globalme.com.br\/wp-content\/uploads\/2024\/02\/WhatsApp-Image-2024-02-19-at-14.31.17-1-1.jpeg\" class=\"vc_single_image-img attachment-full\" alt=\"\" title=\"WhatsApp Image 2024-02-19 at 14.31.17 (1)\" srcset=\"http:\/\/globalme.com.br\/wp-content\/uploads\/2024\/02\/WhatsApp-Image-2024-02-19-at-14.31.17-1-1.jpeg 300w, http:\/\/globalme.com.br\/wp-content\/uploads\/2024\/02\/WhatsApp-Image-2024-02-19-at-14.31.17-1-1-150x150.jpeg 150w, http:\/\/globalme.com.br\/wp-content\/uploads\/2024\/02\/WhatsApp-Image-2024-02-19-at-14.31.17-1-1-100x100.jpeg 100w\" sizes=\"auto, (max-width: 300px) 100vw, 300px\" \/><\/div>\n\t\t<\/figure>\n\t<\/div>\n\n\t<div class=\"wpb_text_column wpb_content_element\" >\n\t\t<div class=\"wpb_wrapper\">\n\t\t\t<p style=\"text-align: center;\"><strong>SABRINA RIBEIRO<\/strong><br \/>\nDiretora de Internacionaliza\u00e7\u00e3o<\/p>\n\n\t\t<\/div>\n\t<\/div>\n<\/div><\/div><\/div><div class=\"wpb_column vc_column_container vc_col-sm-3\"><div class=\"vc_column-inner\"><div class=\"wpb_wrapper\">\n\t<div  class=\"wpb_single_image wpb_content_element vc_align_center\">\n\t\t\n\t\t<figure class=\"wpb_wrapper vc_figure\">\n\t\t\t<div class=\"vc_single_image-wrapper vc_box_border_circle  vc_box_border_grey\"><img loading=\"lazy\" decoding=\"async\" width=\"300\" height=\"300\" src=\"http:\/\/globalme.com.br\/wp-content\/uploads\/2025\/07\/LIGIA-DA-SILVA-GARRUCHO-DURAN.jpg\" class=\"vc_single_image-img attachment-full\" alt=\"\" title=\"L\u00cdGIA DA SILVA GARRUCHO DURAN\" srcset=\"http:\/\/globalme.com.br\/wp-content\/uploads\/2025\/07\/LIGIA-DA-SILVA-GARRUCHO-DURAN.jpg 300w, http:\/\/globalme.com.br\/wp-content\/uploads\/2025\/07\/LIGIA-DA-SILVA-GARRUCHO-DURAN-150x150.jpg 150w, http:\/\/globalme.com.br\/wp-content\/uploads\/2025\/07\/LIGIA-DA-SILVA-GARRUCHO-DURAN-12x12.jpg 12w, http:\/\/globalme.com.br\/wp-content\/uploads\/2025\/07\/LIGIA-DA-SILVA-GARRUCHO-DURAN-100x100.jpg 100w\" sizes=\"auto, (max-width: 300px) 100vw, 300px\" \/><\/div>\n\t\t<\/figure>\n\t<\/div>\n\n\t<div class=\"wpb_text_column wpb_content_element\" >\n\t\t<div class=\"wpb_wrapper\">\n\t\t\t<p style=\"text-align: center;\"><strong>LIGIA DURAN<\/strong><br \/>\nCoordenadora Pedag\u00f3gica<\/p>\n\n\t\t<\/div>\n\t<\/div>\n<\/div><\/div><\/div><\/div><div class=\"vc_row wpb_row vc_row-fluid\"><div class=\"wpb_column vc_column_container vc_col-sm-3\"><div class=\"vc_column-inner\"><div class=\"wpb_wrapper\">\n\t<div  class=\"wpb_single_image wpb_content_element vc_align_center\">\n\t\t\n\t\t<figure class=\"wpb_wrapper vc_figure\">\n\t\t\t<div class=\"vc_single_image-wrapper vc_box_border_circle  vc_box_border_grey\"><img loading=\"lazy\" decoding=\"async\" width=\"2210\" height=\"2210\" src=\"http:\/\/globalme.com.br\/wp-content\/uploads\/2026\/03\/JOANA-JORGE-RIBEIRO-BERGANTIN-1.jpg\" class=\"vc_single_image-img attachment-full\" alt=\"\" title=\"JOANA JORGE RIBEIRO BERGANTIN\" srcset=\"http:\/\/globalme.com.br\/wp-content\/uploads\/2026\/03\/JOANA-JORGE-RIBEIRO-BERGANTIN-1.jpg 2210w, http:\/\/globalme.com.br\/wp-content\/uploads\/2026\/03\/JOANA-JORGE-RIBEIRO-BERGANTIN-1-300x300.jpg 300w, http:\/\/globalme.com.br\/wp-content\/uploads\/2026\/03\/JOANA-JORGE-RIBEIRO-BERGANTIN-1-1024x1024.jpg 1024w, http:\/\/globalme.com.br\/wp-content\/uploads\/2026\/03\/JOANA-JORGE-RIBEIRO-BERGANTIN-1-150x150.jpg 150w, http:\/\/globalme.com.br\/wp-content\/uploads\/2026\/03\/JOANA-JORGE-RIBEIRO-BERGANTIN-1-768x768.jpg 768w, http:\/\/globalme.com.br\/wp-content\/uploads\/2026\/03\/JOANA-JORGE-RIBEIRO-BERGANTIN-1-1536x1536.jpg 1536w, http:\/\/globalme.com.br\/wp-content\/uploads\/2026\/03\/JOANA-JORGE-RIBEIRO-BERGANTIN-1-2048x2048.jpg 2048w, http:\/\/globalme.com.br\/wp-content\/uploads\/2026\/03\/JOANA-JORGE-RIBEIRO-BERGANTIN-1-12x12.jpg 12w, http:\/\/globalme.com.br\/wp-content\/uploads\/2026\/03\/JOANA-JORGE-RIBEIRO-BERGANTIN-1-600x600.jpg 600w, http:\/\/globalme.com.br\/wp-content\/uploads\/2026\/03\/JOANA-JORGE-RIBEIRO-BERGANTIN-1-100x100.jpg 100w\" sizes=\"auto, (max-width: 2210px) 100vw, 2210px\" \/><\/div>\n\t\t<\/figure>\n\t<\/div>\n\n\t<div class=\"wpb_text_column wpb_content_element\" >\n\t\t<div class=\"wpb_wrapper\">\n\t\t\t<p style=\"text-align: center;\"><strong>JOANA BERGANTIN<\/strong><br \/>\nCoordenadora Pedag\u00f3gica<\/p>\n\n\t\t<\/div>\n\t<\/div>\n<\/div><\/div><\/div><div class=\"wpb_column vc_column_container vc_col-sm-3\"><div class=\"vc_column-inner\"><div class=\"wpb_wrapper\">\n\t<div  class=\"wpb_single_image wpb_content_element vc_align_center\">\n\t\t\n\t\t<figure class=\"wpb_wrapper vc_figure\">\n\t\t\t<div class=\"vc_single_image-wrapper vc_box_border_circle  vc_box_border_grey\"><img loading=\"lazy\" decoding=\"async\" width=\"300\" height=\"300\" src=\"http:\/\/globalme.com.br\/wp-content\/uploads\/2025\/01\/Anna-Luiza.jpeg\" class=\"vc_single_image-img attachment-full\" alt=\"\" title=\"Anna Luiza\" srcset=\"http:\/\/globalme.com.br\/wp-content\/uploads\/2025\/01\/Anna-Luiza.jpeg 300w, http:\/\/globalme.com.br\/wp-content\/uploads\/2025\/01\/Anna-Luiza-150x150.jpeg 150w, http:\/\/globalme.com.br\/wp-content\/uploads\/2025\/01\/Anna-Luiza-100x100.jpeg 100w\" sizes=\"auto, (max-width: 300px) 100vw, 300px\" \/><\/div>\n\t\t<\/figure>\n\t<\/div>\n\n\t<div class=\"wpb_text_column wpb_content_element\" >\n\t\t<div class=\"wpb_wrapper\">\n\t\t\t<p style=\"text-align: center;\"><strong>ANNA LUIZA CONCEI\u00c7\u00c3O<\/strong><br \/>\nAdmissions<\/p>\n\n\t\t<\/div>\n\t<\/div>\n<\/div><\/div><\/div><div class=\"wpb_column vc_column_container vc_col-sm-3\"><div class=\"vc_column-inner\"><div class=\"wpb_wrapper\">\n\t<div  class=\"wpb_single_image wpb_content_element vc_align_center\">\n\t\t\n\t\t<figure class=\"wpb_wrapper vc_figure\">\n\t\t\t<div class=\"vc_single_image-wrapper vc_box_border_circle  vc_box_border_grey\"><img loading=\"lazy\" decoding=\"async\" width=\"300\" height=\"300\" src=\"http:\/\/globalme.com.br\/wp-content\/uploads\/2024\/02\/WhatsApp-Image-2024-02-19-at-14.26.14-1.jpeg\" class=\"vc_single_image-img attachment-full\" alt=\"\" title=\"WhatsApp Image 2024-02-19 at 14.26.14\" srcset=\"http:\/\/globalme.com.br\/wp-content\/uploads\/2024\/02\/WhatsApp-Image-2024-02-19-at-14.26.14-1.jpeg 300w, http:\/\/globalme.com.br\/wp-content\/uploads\/2024\/02\/WhatsApp-Image-2024-02-19-at-14.26.14-1-150x150.jpeg 150w, http:\/\/globalme.com.br\/wp-content\/uploads\/2024\/02\/WhatsApp-Image-2024-02-19-at-14.26.14-1-100x100.jpeg 100w\" sizes=\"auto, (max-width: 300px) 100vw, 300px\" \/><\/div>\n\t\t<\/figure>\n\t<\/div>\n\n\t<div class=\"wpb_text_column wpb_content_element\" >\n\t\t<div class=\"wpb_wrapper\">\n\t\t\t<p style=\"text-align: center;\"><strong>ROBERTA ROM\u00c3O<\/strong><br \/>\nSports Coordinator<\/p>\n\n\t\t<\/div>\n\t<\/div>\n<\/div><\/div><\/div><div class=\"wpb_column vc_column_container vc_col-sm-3\"><div class=\"vc_column-inner\"><div class=\"wpb_wrapper\">\n\t<div  class=\"wpb_single_image wpb_content_element vc_align_center\">\n\t\t\n\t\t<figure class=\"wpb_wrapper vc_figure\">\n\t\t\t<div class=\"vc_single_image-wrapper vc_box_border_circle  vc_box_border_grey\"><img loading=\"lazy\" decoding=\"async\" width=\"300\" height=\"300\" src=\"http:\/\/globalme.com.br\/wp-content\/uploads\/2024\/04\/Tania.jpeg\" class=\"vc_single_image-img attachment-full\" alt=\"\" title=\"Tania\" srcset=\"http:\/\/globalme.com.br\/wp-content\/uploads\/2024\/04\/Tania.jpeg 300w, http:\/\/globalme.com.br\/wp-content\/uploads\/2024\/04\/Tania-150x150.jpeg 150w, http:\/\/globalme.com.br\/wp-content\/uploads\/2024\/04\/Tania-100x100.jpeg 100w\" sizes=\"auto, (max-width: 300px) 100vw, 300px\" \/><\/div>\n\t\t<\/figure>\n\t<\/div>\n\n\t<div class=\"wpb_text_column wpb_content_element\" >\n\t\t<div class=\"wpb_wrapper\">\n\t\t\t<p style=\"text-align: center;\"><strong>T\u00c2NIA RAMOS<\/strong><br \/>\nAdministrative Coordinator<\/p>\n\n\t\t<\/div>\n\t<\/div>\n<\/div><\/div><\/div><\/div><div class=\"vc_row wpb_row vc_row-fluid vc_custom_1706534589001\"><div class=\"wpb_column vc_column_container vc_col-sm-12\"><div class=\"vc_column-inner\"><div class=\"wpb_wrapper\">\n\t<div class=\"wpb_text_column wpb_content_element\" >\n\t\t<div class=\"wpb_wrapper\">\n\t\t\t<p>Global Me has over 140 staff members in its Jardins and Itaim locations, including those in the departments of academics, admin, communication, kitchen, cleaning and maintenance, etc.<\/p>\n<p>In an increasingly connected world, we recognize the importance of mastering the English language. Our faculty teaches all subjects and communicates with students outside the classroom using English only. That promotes continuous immersion for students in their daily lives, which naturally strengthens their linguistic skills.<\/p>\n<p>Our teachers have bachelor\u2019s degrees in Education and some have specialized in Speech Therapy or Psychology. All classroom assistants are undergraduate students in Liberal Arts, Education, or Psychology. Our physical development teachers have university degrees in Physical Education and have specialized in Swimming, Judo, Ballet, and Capoeira.<\/p>\n<p>At Global Me, it\u2019s not only the students who are always learning. The teachers are also constantly thirsty for more knowledge. In addition to taking specialization courses, our teachers hold internal academic meetings to assess and improve their performance. Training is a constant at our school.<\/p>\n\n\t\t<\/div>\n\t<\/div>\n<\/div><\/div><\/div><\/div>\n<\/section>","protected":false},"excerpt":{"rendered":"RENATA SA FREIRE Fundadora &amp; Diretora TAIS ROMERO Diretora Pedag\u00f3gica SABRINA RIBEIRO Diretora de Internacionaliza\u00e7\u00e3o LIGIA DURAN Coordenadora Pedag\u00f3gica JOANA BERGANTIN Coordenadora Pedag\u00f3gica ANNA LUIZA CONCEI\u00c7\u00c3O Admissions ROBERTA ROM\u00c3O Coordenadora de Esportes T\u00c2NIA RAMOS Coordenadora Administrativa A Global Me conta, atualmente, com uma equipe de mais de 140 colaboradores, incluindo equipe pedag\u00f3gica e demais setores [...]","protected":false},"author":1,"featured_media":0,"parent":0,"menu_order":0,"comment_status":"closed","ping_status":"open","template":"","meta":{"footnotes":""},"class_list":["post-5333","page","type-page","status-publish","hentry"],"_links":{"self":[{"href":"http:\/\/globalme.com.br\/en\/wp-json\/wp\/v2\/pages\/5333","targetHints":{"allow":["GET"]}}],"collection":[{"href":"http:\/\/globalme.com.br\/en\/wp-json\/wp\/v2\/pages"}],"about":[{"href":"http:\/\/globalme.com.br\/en\/wp-json\/wp\/v2\/types\/page"}],"author":[{"embeddable":true,"href":"http:\/\/globalme.com.br\/en\/wp-json\/wp\/v2\/users\/1"}],"replies":[{"embeddable":true,"href":"http:\/\/globalme.com.br\/en\/wp-json\/wp\/v2\/comments?post=5333"}],"version-history":[{"count":22,"href":"http:\/\/globalme.com.br\/en\/wp-json\/wp\/v2\/pages\/5333\/revisions"}],"predecessor-version":[{"id":6211,"href":"http:\/\/globalme.com.br\/en\/wp-json\/wp\/v2\/pages\/5333\/revisions\/6211"}],"wp:attachment":[{"href":"http:\/\/globalme.com.br\/en\/wp-json\/wp\/v2\/media?parent=5333"}],"curies":[{"name":"wp","href":"https:\/\/api.w.org\/{rel}","templated":true}]}}